{"id":34498,"date":"2024-06-13T07:48:35","date_gmt":"2024-06-13T07:48:35","guid":{"rendered":"https:\/\/globalcablecenter.com\/?post_type=product&#038;p=34498"},"modified":"2026-01-16T19:23:12","modified_gmt":"2026-01-16T19:23:12","slug":"3-ton-plc-kablo-cekme-makinesi","status":"publish","type":"product","link":"https:\/\/globalcablecenter.com\/tr\/urun\/3-ton-plc-kablo-cekme-makinesi\/","title":{"rendered":"3 TON PLC S\u0130STEM KABLO \u00c7EKME MAK\u0130NES\u0130"},"content":{"rendered":"<h2 style=\"color: #f28c28; font-weight: bold; margin-top: 10px;\">3 TON PLC S\u0130STEM KABLO \u00c7EKME MAK\u0130NES\u0130<\/h2>\n<h4 style=\"margin-top: 10px;\"><strong style=\"color: #f28c28;\">\u00dcr\u00fcn Kodu: GCC-CPM3T-PLC<\/strong><\/h4>\n<h4 style=\"color: #f28c28; font-weight: bold; margin-top: 15px;\"><strong>A\u00e7\u0131klama<\/strong><\/h4>\n<p><strong>3 ton PLC kablo \u00e7ekme makinesi<\/strong>, kontroll\u00fc ve g\u00fcvenilir kablo \u00e7ekme i\u015flemleri i\u00e7in tasarlanm\u0131\u015f PLC kontroll\u00fc elektrikli bir makinedir. De\u011fi\u015fken h\u0131z kontrol\u00fc ile birlikte manuel ve otomatik \u00e7al\u0131\u015fma modlar\u0131na sahiptir ve yumu\u015fak ba\u015flatma \/ durdurma fonksiyonlar\u0131 sayesinde stabil \u00e7ekme performans\u0131 ve kablo i\u00e7in daha iyi koruma sa\u011flar. 1200 \u00d7 450 \u00d7 380 mm kompakt \u00f6l\u00e7\u00fcleri ve sa\u011flam \u00e7elik g\u00f6vde yap\u0131s\u0131 sayesinde sahada kolay kullan\u0131m sunarken, zorlu \u00e7al\u0131\u015fma ko\u015fullar\u0131nda uzun \u00f6m\u00fcrl\u00fc kullan\u0131m imk\u00e2n\u0131 sa\u011flar. 3 ton PLC kablo \u00e7ekme makinesi GCC-PLC-CPM-3T, profesyonel kablo \u00e7ekme uygulamalar\u0131 i\u00e7in pratik ve verimli bir \u00e7\u00f6z\u00fcmd\u00fcr.<strong><strong><br \/>\n<\/strong><\/strong><\/p>\n<h4 style=\"color: #f28c28; font-weight: bold; margin-top: 20px;\"><strong>\u00d6ne \u00c7\u0131kan \u00d6zellikler<\/strong><\/h4>\n<ul>\n<li>Kapasite: 3 Ton (30 kN)<\/li>\n<li>\u00c7ekme h\u0131z\u0131: 15 m\/dk<\/li>\n<li>\u00c7al\u0131\u015fma sistemi: 380V Elektrik<\/li>\n<li>Kontrol sistemi: PLC kontroll\u00fc<\/li>\n<li>\u00c7al\u0131\u015fma modlar\u0131: Manuel &amp; Otomatik<\/li>\n<li>H\u0131z kontrol\u00fc: Var (de\u011fi\u015fken h\u0131zl\u0131)<\/li>\n<li>\u00c7al\u0131\u015fma y\u00f6n\u00fc: \u0130leri &amp; Geri<\/li>\n<li>\u00d6l\u00e7\u00fcler: 1,200 \u00d7 450 \u00d7 380 mm<\/li>\n<li>A\u011f\u0131rl\u0131k: 95 kg<\/li>\n<li>G\u00f6vde yap\u0131s\u0131: A\u011f\u0131r hizmet tipi \u00e7elik konstr\u00fcksiyon<\/li>\n<li>Ayak pedal\u0131 kontrol\u00fc: Var<\/li>\n<li>Kontrol paneli ile kullan\u0131m: Var<\/li>\n<\/ul>\n<h4 style=\"color: #f28c28; font-weight: bold; margin-top: 20px;\"><strong>Kullan\u0131m Alanlar\u0131<\/strong><\/h4>\n<ul>\n<li>Elektrik altyap\u0131 kablolama projeleri<\/li>\n<li>Telekom ve fiber optik kablo d\u00f6\u015feme i\u015fleri<\/li>\n<li>End\u00fcstriyel ve fabrika i\u00e7i kablolama \u00e7al\u0131\u015fmalar\u0131<\/li>\n<li>\u0130\u00e7 ve d\u0131\u015f mek\u00e2n kablo \u00e7ekme uygulamalar\u0131<\/li>\n<li>Bak\u0131m ve servis \u00e7al\u0131\u015fmalar\u0131<\/li>\n<\/ul>\n<h4 style=\"color: #f28c28; font-weight: bold; margin-top: 20px;\"><strong>Sipari\u015f &amp; \u0130leti\u015fim<\/strong><\/h4>\n<p>\ud83d\udcf1 (+90) 543 578 7323<\/p>\n<p>\ud83d\udce7 <a href=\"mailto:sa***@***************er.com\" data-original-string=\"uhkPtW4rB60Vq8teo80niQ==ef5CfiRIWLt1ujq3VTYAm7\/BmkjCNX\/ulO1jbcNBaGDBOk=\" title=\"This contact has been encoded by Anti-Spam by CleanTalk. Click to decode. To finish the decoding make sure that JavaScript is enabled in your browser.\"><span \n                data-original-string='S61QYLEHqG\/vbEiplWsang==ef5Zx8Z3D83uHhBYns45Avl00b6yFL72nmkHVFvmL1LRm0='\n                class='apbct-email-encoder'\n                title='This contact has been encoded by Anti-Spam by CleanTalk. Click to decode. To finish the decoding make sure that JavaScript is enabled in your browser.'>sa<span class=\"apbct-blur\">***<\/span>@<span class=\"apbct-blur\">***************<\/span>er.com<\/span><\/a><\/p>\n","protected":false},"excerpt":{"rendered":"<table style=\"width: 100%; border-collapse: separate; border-spacing: 0; font-size: 14px; border: 2px solid #ccc; border-radius: 10px; overflow: hidden; table-layout: fixed;\">\n<tbody>\n<tr style=\"background-color: #f28c28; color: #fff; text-align: center; font-weight: bold; text-transform: uppercase;\">\n<th style=\"padding: 10px; border: 1px solid #ccc; font-weight: bold; width: 50%;\">\u00d6ZELL\u0130K<\/th>\n<th style=\"padding: 10px; border: 1px solid #ccc; font-weight: bold; width: 50%;\">DETAY<\/th>\n<\/tr>\n<tr>\n<td style=\"padding: 8px; border: 1px solid #ccc; font-weight: bold;\">\u00dcr\u00fcn Kodu<\/td>\n<td style=\"padding: 8px; border: 1px solid #ccc;\">GCC-CPM3T-PLC<\/td>\n<\/tr>\n<tr>\n<td style=\"padding: 8px; border: 1px solid #ccc; font-weight: bold;\">Kapasite<\/td>\n<td style=\"padding: 8px; border: 1px solid #ccc;\">3 Ton (30 kN)<\/td>\n<\/tr>\n<tr>\n<td style=\"padding: 8px; border: 1px solid #ccc; font-weight: bold;\">\u00c7ekme H\u0131z\u0131<\/td>\n<td style=\"padding: 8px; border: 1px solid #ccc;\">15 m\/dk<\/td>\n<\/tr>\n<tr>\n<td style=\"padding: 8px; border: 1px solid #ccc; font-weight: bold;\">\u00c7al\u0131\u015fma Sistemi<\/td>\n<td style=\"padding: 8px; border: 1px solid #ccc;\">380V Elektrik (PLC Kontroll\u00fc)<\/td>\n<\/tr>\n<tr>\n<td style=\"padding: 8px; border: 1px solid #ccc; font-weight: bold;\">Kontrol Sistemi<\/td>\n<td style=\"padding: 8px; border: 1px solid #ccc;\">PLC<\/td>\n<\/tr>\n<tr>\n<td style=\"padding: 8px; border: 1px solid #ccc; font-weight: bold;\">\u00c7al\u0131\u015fma Modlar\u0131<\/td>\n<td style=\"padding: 8px; border: 1px solid #ccc;\">Manuel &amp; Otomatik<\/td>\n<\/tr>\n<tr>\n<td style=\"padding: 8px; border: 1px solid #ccc; font-weight: bold;\">\u00d6l\u00e7\u00fcler (U \u00d7 G \u00d7 Y)<\/td>\n<td style=\"padding: 8px; border: 1px solid #ccc;\">1200 \u00d7 450 \u00d7 380 mm<\/td>\n<\/tr>\n<tr>\n<td style=\"padding: 8px; border: 1px solid #ccc; font-weight: bold;\">A\u011f\u0131rl\u0131k<\/td>\n<td style=\"padding: 8px; border: 1px solid #ccc;\">95 kg<\/td>\n<\/tr>\n<tr>\n<td style=\"padding: 8px; border: 1px solid #ccc; font-weight: bold;\">G\u00f6vde Yap\u0131s\u0131<\/td>\n<td style=\"padding: 8px; border: 1px solid #ccc;\">\u00c7elik Konstr\u00fcksiyon<\/td>\n<\/tr>\n<tr>\n<td style=\"padding: 8px; border: 1px solid #ccc; font-weight: bold;\">H\u0131z Kontrol\u00fc<\/td>\n<td style=\"padding: 8px; border: 1px solid #ccc;\">Var<\/td>\n<\/tr>\n<tr>\n<td style=\"padding: 8px; border: 1px solid #ccc; font-weight: bold;\">Ayak Pedal\u0131 Kontrol\u00fc<\/td>\n<td style=\"padding: 8px; border: 1px solid #ccc;\">Var<\/td>\n<\/tr>\n<\/tbody>\n<\/table>\n","protected":false},"featured_media":37919,"template":"","meta":[],"product_brand":[],"product_cat":[112,106],"product_tag":[1450,1451,1452,1453,1455,1456,1457,1458],"class_list":{"0":"post-34498","1":"product","2":"type-product","3":"status-publish","4":"has-post-thumbnail","6":"product_cat-kablo-cekme-makineleri","7":"product_cat-tum-urunler","8":"product_tag-cable-installation-machine","9":"product_tag-cable-pulling-winch","10":"product_tag-electric-cable-pulling-machine","11":"product_tag-fiber-optic-cable-pulling-machine","12":"product_tag-plc-cable-pulling-machine","13":"product_tag-power-cable-pulling-machine","14":"product_tag-professional-cable-pulling-machine","15":"product_tag-underground-cable-pulling-machine","17":"first","18":"instock","19":"shipping-taxable","20":"product-type-simple"},"yoast_head":"<!-- This site is optimized with the Yoast SEO plugin v27.2 - https:\/\/yoast.com\/product\/yoast-seo-wordpress\/ -->\n<title>3 Ton PLC Kablo \u00c7ekme Makinesi | Elektrikli<\/title>\n<meta name=\"description\" content=\"3 ton PLC kablo \u00e7ekme makinesi, 380V elektrikli, hassas kontrol ve g\u00fcvenli kullan\u0131m ile profesyonel kablo \u00e7ekme i\u015fleri i\u00e7in.\" \/>\n<meta name=\"robots\" content=\"index, follow, max-snippet:-1, max-image-preview:large, max-video-preview:-1\" \/>\n<link rel=\"canonical\" href=\"https:\/\/globalcablecenter.com\/tr\/urun\/3-ton-plc-kablo-cekme-makinesi\/\" \/>\n<meta property=\"og:locale\" content=\"tr_TR\" \/>\n<meta property=\"og:type\" content=\"article\" \/>\n<meta property=\"og:title\" content=\"3 Ton PLC Kablo \u00c7ekme Makinesi | Elektrikli\" \/>\n<meta property=\"og:description\" content=\"3 ton PLC kablo \u00e7ekme makinesi, 380V elektrikli, hassas kontrol ve g\u00fcvenli kullan\u0131m ile profesyonel kablo \u00e7ekme i\u015fleri i\u00e7in.\" \/>\n<meta property=\"og:url\" content=\"https:\/\/globalcablecenter.com\/tr\/urun\/3-ton-plc-kablo-cekme-makinesi\/\" \/>\n<meta property=\"og:site_name\" content=\"GCC - Global Cable Center\" \/>\n<meta property=\"article:modified_time\" content=\"2026-01-16T19:23:12+00:00\" \/>\n<meta property=\"og:image\" content=\"https:\/\/globalcablecenter.com\/wp-content\/uploads\/2024\/08\/PLC-CPM.jpeg\" \/>\n\t<meta property=\"og:image:width\" content=\"2400\" \/>\n\t<meta property=\"og:image:height\" content=\"2400\" \/>\n\t<meta property=\"og:image:type\" content=\"image\/jpeg\" \/>\n<meta name=\"twitter:card\" content=\"summary_large_image\" \/>\n<meta name=\"twitter:label1\" content=\"Tahmini okuma s\u00fcresi\" \/>\n\t<meta name=\"twitter:data1\" content=\"2 dakika\" \/>\n<script type=\"application\/ld+json\" class=\"yoast-schema-graph\">{\"@context\":\"https:\/\/schema.org\",\"@graph\":[{\"@type\":\"WebPage\",\"@id\":\"https:\/\/globalcablecenter.com\/tr\/urun\/3-ton-plc-kablo-cekme-makinesi\/\",\"url\":\"https:\/\/globalcablecenter.com\/tr\/urun\/3-ton-plc-kablo-cekme-makinesi\/\",\"name\":\"3 Ton PLC Kablo \u00c7ekme Makinesi | Elektrikli\",\"isPartOf\":{\"@id\":\"https:\/\/globalcablecenter.com\/#website\"},\"primaryImageOfPage\":{\"@id\":\"https:\/\/globalcablecenter.com\/tr\/urun\/3-ton-plc-kablo-cekme-makinesi\/#primaryimage\"},\"image\":{\"@id\":\"https:\/\/globalcablecenter.com\/tr\/urun\/3-ton-plc-kablo-cekme-makinesi\/#primaryimage\"},\"thumbnailUrl\":\"https:\/\/globalcablecenter.com\/wp-content\/uploads\/2024\/08\/PLC-CPM.jpeg\",\"datePublished\":\"2024-06-13T07:48:35+00:00\",\"dateModified\":\"2026-01-16T19:23:12+00:00\",\"description\":\"3 ton PLC kablo \u00e7ekme makinesi, 380V elektrikli, hassas kontrol ve g\u00fcvenli kullan\u0131m ile profesyonel kablo \u00e7ekme i\u015fleri i\u00e7in.\",\"breadcrumb\":{\"@id\":\"https:\/\/globalcablecenter.com\/tr\/urun\/3-ton-plc-kablo-cekme-makinesi\/#breadcrumb\"},\"inLanguage\":\"tr\",\"potentialAction\":[{\"@type\":\"ReadAction\",\"target\":[\"https:\/\/globalcablecenter.com\/tr\/urun\/3-ton-plc-kablo-cekme-makinesi\/\"]}]},{\"@type\":\"ImageObject\",\"inLanguage\":\"tr\",\"@id\":\"https:\/\/globalcablecenter.com\/tr\/urun\/3-ton-plc-kablo-cekme-makinesi\/#primaryimage\",\"url\":\"https:\/\/globalcablecenter.com\/wp-content\/uploads\/2024\/08\/PLC-CPM.jpeg\",\"contentUrl\":\"https:\/\/globalcablecenter.com\/wp-content\/uploads\/2024\/08\/PLC-CPM.jpeg\",\"width\":2400,\"height\":2400,\"caption\":\"5 TON PLC S\u0130STEM KABLO \u00c7EKME MAK\u0130NES\u0130\"},{\"@type\":\"BreadcrumbList\",\"@id\":\"https:\/\/globalcablecenter.com\/tr\/urun\/3-ton-plc-kablo-cekme-makinesi\/#breadcrumb\",\"itemListElement\":[{\"@type\":\"ListItem\",\"position\":1,\"name\":\"Ana Sayfa\",\"item\":\"https:\/\/globalcablecenter.com\/\"},{\"@type\":\"ListItem\",\"position\":2,\"name\":\"\u00dcr\u00fcnler\",\"item\":\"https:\/\/globalcablecenter.com\/tr\/magaza\/\"},{\"@type\":\"ListItem\",\"position\":3,\"name\":\"3 TON PLC S\u0130STEM KABLO \u00c7EKME MAK\u0130NES\u0130\"}]},{\"@type\":\"WebSite\",\"@id\":\"https:\/\/globalcablecenter.com\/#website\",\"url\":\"https:\/\/globalcablecenter.com\/\",\"name\":\"GCC - Global Cable Center\",\"description\":\"Global Solutions for Cable Installation\",\"potentialAction\":[{\"@type\":\"SearchAction\",\"target\":{\"@type\":\"EntryPoint\",\"urlTemplate\":\"https:\/\/globalcablecenter.com\/?s={search_term_string}\"},\"query-input\":{\"@type\":\"PropertyValueSpecification\",\"valueRequired\":true,\"valueName\":\"search_term_string\"}}],\"inLanguage\":\"tr\"}]}<\/script>\n<!-- \/ Yoast SEO plugin. -->","yoast_head_json":{"title":"3 Ton PLC Kablo \u00c7ekme Makinesi | Elektrikli","description":"3 ton PLC kablo \u00e7ekme makinesi, 380V elektrikli, hassas kontrol ve g\u00fcvenli kullan\u0131m ile profesyonel kablo \u00e7ekme i\u015fleri i\u00e7in.","robots":{"index":"index","follow":"follow","max-snippet":"max-snippet:-1","max-image-preview":"max-image-preview:large","max-video-preview":"max-video-preview:-1"},"canonical":"https:\/\/globalcablecenter.com\/tr\/urun\/3-ton-plc-kablo-cekme-makinesi\/","og_locale":"tr_TR","og_type":"article","og_title":"3 Ton PLC Kablo \u00c7ekme Makinesi | Elektrikli","og_description":"3 ton PLC kablo \u00e7ekme makinesi, 380V elektrikli, hassas kontrol ve g\u00fcvenli kullan\u0131m ile profesyonel kablo \u00e7ekme i\u015fleri i\u00e7in.","og_url":"https:\/\/globalcablecenter.com\/tr\/urun\/3-ton-plc-kablo-cekme-makinesi\/","og_site_name":"GCC - Global Cable Center","article_modified_time":"2026-01-16T19:23:12+00:00","og_image":[{"width":2400,"height":2400,"url":"https:\/\/globalcablecenter.com\/wp-content\/uploads\/2024\/08\/PLC-CPM.jpeg","type":"image\/jpeg"}],"twitter_card":"summary_large_image","twitter_misc":{"Tahmini okuma s\u00fcresi":"2 dakika"},"schema":{"@context":"https:\/\/schema.org","@graph":[{"@type":"WebPage","@id":"https:\/\/globalcablecenter.com\/tr\/urun\/3-ton-plc-kablo-cekme-makinesi\/","url":"https:\/\/globalcablecenter.com\/tr\/urun\/3-ton-plc-kablo-cekme-makinesi\/","name":"3 Ton PLC Kablo \u00c7ekme Makinesi | Elektrikli","isPartOf":{"@id":"https:\/\/globalcablecenter.com\/#website"},"primaryImageOfPage":{"@id":"https:\/\/globalcablecenter.com\/tr\/urun\/3-ton-plc-kablo-cekme-makinesi\/#primaryimage"},"image":{"@id":"https:\/\/globalcablecenter.com\/tr\/urun\/3-ton-plc-kablo-cekme-makinesi\/#primaryimage"},"thumbnailUrl":"https:\/\/globalcablecenter.com\/wp-content\/uploads\/2024\/08\/PLC-CPM.jpeg","datePublished":"2024-06-13T07:48:35+00:00","dateModified":"2026-01-16T19:23:12+00:00","description":"3 ton PLC kablo \u00e7ekme makinesi, 380V elektrikli, hassas kontrol ve g\u00fcvenli kullan\u0131m ile profesyonel kablo \u00e7ekme i\u015fleri i\u00e7in.","breadcrumb":{"@id":"https:\/\/globalcablecenter.com\/tr\/urun\/3-ton-plc-kablo-cekme-makinesi\/#breadcrumb"},"inLanguage":"tr","potentialAction":[{"@type":"ReadAction","target":["https:\/\/globalcablecenter.com\/tr\/urun\/3-ton-plc-kablo-cekme-makinesi\/"]}]},{"@type":"ImageObject","inLanguage":"tr","@id":"https:\/\/globalcablecenter.com\/tr\/urun\/3-ton-plc-kablo-cekme-makinesi\/#primaryimage","url":"https:\/\/globalcablecenter.com\/wp-content\/uploads\/2024\/08\/PLC-CPM.jpeg","contentUrl":"https:\/\/globalcablecenter.com\/wp-content\/uploads\/2024\/08\/PLC-CPM.jpeg","width":2400,"height":2400,"caption":"5 TON PLC S\u0130STEM KABLO \u00c7EKME MAK\u0130NES\u0130"},{"@type":"BreadcrumbList","@id":"https:\/\/globalcablecenter.com\/tr\/urun\/3-ton-plc-kablo-cekme-makinesi\/#breadcrumb","itemListElement":[{"@type":"ListItem","position":1,"name":"Ana Sayfa","item":"https:\/\/globalcablecenter.com\/"},{"@type":"ListItem","position":2,"name":"\u00dcr\u00fcnler","item":"https:\/\/globalcablecenter.com\/tr\/magaza\/"},{"@type":"ListItem","position":3,"name":"3 TON PLC S\u0130STEM KABLO \u00c7EKME MAK\u0130NES\u0130"}]},{"@type":"WebSite","@id":"https:\/\/globalcablecenter.com\/#website","url":"https:\/\/globalcablecenter.com\/","name":"GCC - Global Cable Center","description":"Global Solutions for Cable Installation","potentialAction":[{"@type":"SearchAction","target":{"@type":"EntryPoint","urlTemplate":"https:\/\/globalcablecenter.com\/?s={search_term_string}"},"query-input":{"@type":"PropertyValueSpecification","valueRequired":true,"valueName":"search_term_string"}}],"inLanguage":"tr"}]}},"_links":{"self":[{"href":"https:\/\/globalcablecenter.com\/tr\/wp-json\/wp\/v2\/product\/34498","targetHints":{"allow":["GET"]}}],"collection":[{"href":"https:\/\/globalcablecenter.com\/tr\/wp-json\/wp\/v2\/product"}],"about":[{"href":"https:\/\/globalcablecenter.com\/tr\/wp-json\/wp\/v2\/types\/product"}],"version-history":[{"count":8,"href":"https:\/\/globalcablecenter.com\/tr\/wp-json\/wp\/v2\/product\/34498\/revisions"}],"predecessor-version":[{"id":37932,"href":"https:\/\/globalcablecenter.com\/tr\/wp-json\/wp\/v2\/product\/34498\/revisions\/37932"}],"wp:featuredmedia":[{"embeddable":true,"href":"https:\/\/globalcablecenter.com\/tr\/wp-json\/wp\/v2\/media\/37919"}],"wp:attachment":[{"href":"https:\/\/globalcablecenter.com\/tr\/wp-json\/wp\/v2\/media?parent=34498"}],"wp:term":[{"taxonomy":"product_brand","embeddable":true,"href":"https:\/\/globalcablecenter.com\/tr\/wp-json\/wp\/v2\/product_brand?post=34498"},{"taxonomy":"product_cat","embeddable":true,"href":"https:\/\/globalcablecenter.com\/tr\/wp-json\/wp\/v2\/product_cat?post=34498"},{"taxonomy":"product_tag","embeddable":true,"href":"https:\/\/globalcablecenter.com\/tr\/wp-json\/wp\/v2\/product_tag?post=34498"}],"curies":[{"name":"wp","href":"https:\/\/api.w.org\/{rel}","templated":true}]}}