{"id":30208,"date":"2024-06-11T22:17:30","date_gmt":"2024-06-11T22:17:30","guid":{"rendered":"https:\/\/globalcablecenter.com\/?post_type=product&#038;p=30208"},"modified":"2024-08-09T19:49:38","modified_gmt":"2024-08-09T19:49:38","slug":"telekom-tipi-mesafe-olcer","status":"publish","type":"product","link":"https:\/\/globalcablecenter.com\/tr\/urun\/telekom-tipi-mesafe-olcer\/","title":{"rendered":"Telekom Tipi Mesafe \u00d6l\u00e7er"},"content":{"rendered":"<p>\u00dcr\u00fcnlerimiz T\u00fcrkiye&#8217;de \u00fcretilmi\u015ftir, yerli\u00a0mal\u0131d\u0131r.<\/p>\n<p>Telekom tipi mesafe \u00f6l\u00e7erler telekom\u00fcnikasyon sekt\u00f6r\u00fcnde hizmet veren t\u00fcm firma, kurum ve kurulu\u015flar i\u00e7in \u00fcretilmi\u015f olup kullan\u0131m\u0131 kolayd\u0131r.<br \/>\nTelekom tipi mesafe \u00f6l\u00e7erlerimiz manuel ve iki tekerlekli olup, ta\u015f\u0131nabilir ve elde ta\u015f\u0131nmaya uygundur. Mesafe \u00f6l\u00e7erimiz 999.999 metreye kadar \u00f6l\u00e7\u00fcm yapabilme \u00f6zelli\u011fine sahiptir.<\/p>\n<p>Sipari\u015fleriniz i\u00e7in bizimle 0 543 578 73 23 numaral\u0131 telefondan ileti\u015fime ge\u00e7ebilirsiniz.<\/p>\n","protected":false},"excerpt":{"rendered":"<p>\u00dcr\u00fcnlerimiz T\u00fcrkiye&#8217;de \u00fcretilmi\u015ftir, yerli\u00a0mal\u0131d\u0131r. Telekom tipi mesafe \u00f6l\u00e7erler telekom\u00fcnikasyon sekt\u00f6r\u00fcnde hizmet veren t\u00fcm firma, kurum ve kurulu\u015flar i\u00e7in \u00fcretilmi\u015f olup<\/p>\n","protected":false},"featured_media":32622,"template":"","meta":[],"product_brand":[],"product_cat":[115,106],"product_tag":[],"class_list":{"0":"post-30208","1":"product","2":"type-product","3":"status-publish","4":"has-post-thumbnail","6":"product_cat-mesafe-olcer","7":"product_cat-tum-urunler","9":"first","10":"instock","11":"shipping-taxable","12":"product-type-simple"},"yoast_head":"<!-- This site is optimized with the Yoast SEO plugin v27.2 - https:\/\/yoast.com\/product\/yoast-seo-wordpress\/ -->\n<title>Telekom Tipi Mesafe \u00d6l\u00e7er - GCC - Global Cable Center<\/title>\n<meta name=\"robots\" content=\"index, follow, max-snippet:-1, max-image-preview:large, max-video-preview:-1\" \/>\n<link rel=\"canonical\" href=\"https:\/\/globalcablecenter.com\/tr\/urun\/telekom-tipi-mesafe-olcer\/\" \/>\n<meta property=\"og:locale\" content=\"tr_TR\" \/>\n<meta property=\"og:type\" content=\"article\" \/>\n<meta property=\"og:title\" content=\"Telekom Tipi Mesafe \u00d6l\u00e7er - GCC - Global Cable Center\" \/>\n<meta property=\"og:description\" content=\"\u00dcr\u00fcnlerimiz T\u00fcrkiye&#8217;de \u00fcretilmi\u015ftir, yerli\u00a0mal\u0131d\u0131r. Telekom tipi mesafe \u00f6l\u00e7erler telekom\u00fcnikasyon sekt\u00f6r\u00fcnde hizmet veren t\u00fcm firma, kurum ve kurulu\u015flar i\u00e7in \u00fcretilmi\u015f olup\" \/>\n<meta property=\"og:url\" content=\"https:\/\/globalcablecenter.com\/tr\/urun\/telekom-tipi-mesafe-olcer\/\" \/>\n<meta property=\"og:site_name\" content=\"GCC - Global Cable Center\" \/>\n<meta property=\"article:modified_time\" content=\"2024-08-09T19:49:38+00:00\" \/>\n<meta property=\"og:image\" content=\"https:\/\/globalcablecenter.com\/wp-content\/uploads\/2024\/06\/mesafaolcer1.png\" \/>\n\t<meta property=\"og:image:width\" content=\"600\" \/>\n\t<meta property=\"og:image:height\" content=\"600\" \/>\n\t<meta property=\"og:image:type\" content=\"image\/png\" \/>\n<meta name=\"twitter:card\" content=\"summary_large_image\" \/>\n<script type=\"application\/ld+json\" class=\"yoast-schema-graph\">{\"@context\":\"https:\/\/schema.org\",\"@graph\":[{\"@type\":\"WebPage\",\"@id\":\"https:\/\/globalcablecenter.com\/tr\/urun\/telekom-tipi-mesafe-olcer\/\",\"url\":\"https:\/\/globalcablecenter.com\/tr\/urun\/telekom-tipi-mesafe-olcer\/\",\"name\":\"Telekom Tipi Mesafe \u00d6l\u00e7er - GCC - Global Cable Center\",\"isPartOf\":{\"@id\":\"https:\/\/globalcablecenter.com\/#website\"},\"primaryImageOfPage\":{\"@id\":\"https:\/\/globalcablecenter.com\/tr\/urun\/telekom-tipi-mesafe-olcer\/#primaryimage\"},\"image\":{\"@id\":\"https:\/\/globalcablecenter.com\/tr\/urun\/telekom-tipi-mesafe-olcer\/#primaryimage\"},\"thumbnailUrl\":\"https:\/\/globalcablecenter.com\/wp-content\/uploads\/2024\/06\/mesafaolcer1.png\",\"datePublished\":\"2024-06-11T22:17:30+00:00\",\"dateModified\":\"2024-08-09T19:49:38+00:00\",\"breadcrumb\":{\"@id\":\"https:\/\/globalcablecenter.com\/tr\/urun\/telekom-tipi-mesafe-olcer\/#breadcrumb\"},\"inLanguage\":\"tr\",\"potentialAction\":[{\"@type\":\"ReadAction\",\"target\":[\"https:\/\/globalcablecenter.com\/tr\/urun\/telekom-tipi-mesafe-olcer\/\"]}]},{\"@type\":\"ImageObject\",\"inLanguage\":\"tr\",\"@id\":\"https:\/\/globalcablecenter.com\/tr\/urun\/telekom-tipi-mesafe-olcer\/#primaryimage\",\"url\":\"https:\/\/globalcablecenter.com\/wp-content\/uploads\/2024\/06\/mesafaolcer1.png\",\"contentUrl\":\"https:\/\/globalcablecenter.com\/wp-content\/uploads\/2024\/06\/mesafaolcer1.png\",\"width\":600,\"height\":600},{\"@type\":\"BreadcrumbList\",\"@id\":\"https:\/\/globalcablecenter.com\/tr\/urun\/telekom-tipi-mesafe-olcer\/#breadcrumb\",\"itemListElement\":[{\"@type\":\"ListItem\",\"position\":1,\"name\":\"Ana Sayfa\",\"item\":\"https:\/\/globalcablecenter.com\/\"},{\"@type\":\"ListItem\",\"position\":2,\"name\":\"\u00dcr\u00fcnler\",\"item\":\"https:\/\/globalcablecenter.com\/tr\/magaza\/\"},{\"@type\":\"ListItem\",\"position\":3,\"name\":\"Telekom Tipi Mesafe \u00d6l\u00e7er\"}]},{\"@type\":\"WebSite\",\"@id\":\"https:\/\/globalcablecenter.com\/#website\",\"url\":\"https:\/\/globalcablecenter.com\/\",\"name\":\"GCC - Global Cable Center\",\"description\":\"Global Solutions for Cable Installation\",\"potentialAction\":[{\"@type\":\"SearchAction\",\"target\":{\"@type\":\"EntryPoint\",\"urlTemplate\":\"https:\/\/globalcablecenter.com\/?s={search_term_string}\"},\"query-input\":{\"@type\":\"PropertyValueSpecification\",\"valueRequired\":true,\"valueName\":\"search_term_string\"}}],\"inLanguage\":\"tr\"}]}<\/script>\n<!-- \/ Yoast SEO plugin. -->","yoast_head_json":{"title":"Telekom Tipi Mesafe \u00d6l\u00e7er - GCC - Global Cable Center","robots":{"index":"index","follow":"follow","max-snippet":"max-snippet:-1","max-image-preview":"max-image-preview:large","max-video-preview":"max-video-preview:-1"},"canonical":"https:\/\/globalcablecenter.com\/tr\/urun\/telekom-tipi-mesafe-olcer\/","og_locale":"tr_TR","og_type":"article","og_title":"Telekom Tipi Mesafe \u00d6l\u00e7er - GCC - Global Cable Center","og_description":"\u00dcr\u00fcnlerimiz T\u00fcrkiye&#8217;de \u00fcretilmi\u015ftir, yerli\u00a0mal\u0131d\u0131r. Telekom tipi mesafe \u00f6l\u00e7erler telekom\u00fcnikasyon sekt\u00f6r\u00fcnde hizmet veren t\u00fcm firma, kurum ve kurulu\u015flar i\u00e7in \u00fcretilmi\u015f olup","og_url":"https:\/\/globalcablecenter.com\/tr\/urun\/telekom-tipi-mesafe-olcer\/","og_site_name":"GCC - Global Cable Center","article_modified_time":"2024-08-09T19:49:38+00:00","og_image":[{"width":600,"height":600,"url":"https:\/\/globalcablecenter.com\/wp-content\/uploads\/2024\/06\/mesafaolcer1.png","type":"image\/png"}],"twitter_card":"summary_large_image","schema":{"@context":"https:\/\/schema.org","@graph":[{"@type":"WebPage","@id":"https:\/\/globalcablecenter.com\/tr\/urun\/telekom-tipi-mesafe-olcer\/","url":"https:\/\/globalcablecenter.com\/tr\/urun\/telekom-tipi-mesafe-olcer\/","name":"Telekom Tipi Mesafe \u00d6l\u00e7er - GCC - Global Cable Center","isPartOf":{"@id":"https:\/\/globalcablecenter.com\/#website"},"primaryImageOfPage":{"@id":"https:\/\/globalcablecenter.com\/tr\/urun\/telekom-tipi-mesafe-olcer\/#primaryimage"},"image":{"@id":"https:\/\/globalcablecenter.com\/tr\/urun\/telekom-tipi-mesafe-olcer\/#primaryimage"},"thumbnailUrl":"https:\/\/globalcablecenter.com\/wp-content\/uploads\/2024\/06\/mesafaolcer1.png","datePublished":"2024-06-11T22:17:30+00:00","dateModified":"2024-08-09T19:49:38+00:00","breadcrumb":{"@id":"https:\/\/globalcablecenter.com\/tr\/urun\/telekom-tipi-mesafe-olcer\/#breadcrumb"},"inLanguage":"tr","potentialAction":[{"@type":"ReadAction","target":["https:\/\/globalcablecenter.com\/tr\/urun\/telekom-tipi-mesafe-olcer\/"]}]},{"@type":"ImageObject","inLanguage":"tr","@id":"https:\/\/globalcablecenter.com\/tr\/urun\/telekom-tipi-mesafe-olcer\/#primaryimage","url":"https:\/\/globalcablecenter.com\/wp-content\/uploads\/2024\/06\/mesafaolcer1.png","contentUrl":"https:\/\/globalcablecenter.com\/wp-content\/uploads\/2024\/06\/mesafaolcer1.png","width":600,"height":600},{"@type":"BreadcrumbList","@id":"https:\/\/globalcablecenter.com\/tr\/urun\/telekom-tipi-mesafe-olcer\/#breadcrumb","itemListElement":[{"@type":"ListItem","position":1,"name":"Ana Sayfa","item":"https:\/\/globalcablecenter.com\/"},{"@type":"ListItem","position":2,"name":"\u00dcr\u00fcnler","item":"https:\/\/globalcablecenter.com\/tr\/magaza\/"},{"@type":"ListItem","position":3,"name":"Telekom Tipi Mesafe \u00d6l\u00e7er"}]},{"@type":"WebSite","@id":"https:\/\/globalcablecenter.com\/#website","url":"https:\/\/globalcablecenter.com\/","name":"GCC - Global Cable Center","description":"Global Solutions for Cable Installation","potentialAction":[{"@type":"SearchAction","target":{"@type":"EntryPoint","urlTemplate":"https:\/\/globalcablecenter.com\/?s={search_term_string}"},"query-input":{"@type":"PropertyValueSpecification","valueRequired":true,"valueName":"search_term_string"}}],"inLanguage":"tr"}]}},"_links":{"self":[{"href":"https:\/\/globalcablecenter.com\/tr\/wp-json\/wp\/v2\/product\/30208","targetHints":{"allow":["GET"]}}],"collection":[{"href":"https:\/\/globalcablecenter.com\/tr\/wp-json\/wp\/v2\/product"}],"about":[{"href":"https:\/\/globalcablecenter.com\/tr\/wp-json\/wp\/v2\/types\/product"}],"version-history":[{"count":5,"href":"https:\/\/globalcablecenter.com\/tr\/wp-json\/wp\/v2\/product\/30208\/revisions"}],"predecessor-version":[{"id":34427,"href":"https:\/\/globalcablecenter.com\/tr\/wp-json\/wp\/v2\/product\/30208\/revisions\/34427"}],"wp:featuredmedia":[{"embeddable":true,"href":"https:\/\/globalcablecenter.com\/tr\/wp-json\/wp\/v2\/media\/32622"}],"wp:attachment":[{"href":"https:\/\/globalcablecenter.com\/tr\/wp-json\/wp\/v2\/media?parent=30208"}],"wp:term":[{"taxonomy":"product_brand","embeddable":true,"href":"https:\/\/globalcablecenter.com\/tr\/wp-json\/wp\/v2\/product_brand?post=30208"},{"taxonomy":"product_cat","embeddable":true,"href":"https:\/\/globalcablecenter.com\/tr\/wp-json\/wp\/v2\/product_cat?post=30208"},{"taxonomy":"product_tag","embeddable":true,"href":"https:\/\/globalcablecenter.com\/tr\/wp-json\/wp\/v2\/product_tag?post=30208"}],"curies":[{"name":"wp","href":"https:\/\/api.w.org\/{rel}","templated":true}]}}