{"id":30205,"date":"2024-06-11T22:20:44","date_gmt":"2024-06-11T22:20:44","guid":{"rendered":"https:\/\/globalcablecenter.com\/?post_type=product&#038;p=30205"},"modified":"2024-08-09T19:49:19","modified_gmt":"2024-08-09T19:49:19","slug":"duz-tip-fiber-merdiven","status":"publish","type":"product","link":"https:\/\/globalcablecenter.com\/tr\/urun\/duz-tip-fiber-merdiven\/","title":{"rendered":"D\u00fcz Tip Fiber Merdiven"},"content":{"rendered":"<div class=\"product-tabs-wrapper\">\n<div class=\"container\">\n<div class=\"row\">\n<div class=\"col-12 poduct-tabs-inner\">\n<div class=\"woocommerce-tabs wc-tabs-wrapper tabs-layout-tabs\" data-state=\"first\" data-layout=\"tabs\">\n<div class=\"wd-accordion-item\">\n<div id=\"tab-description\" class=\"entry-content woocommerce-Tabs-panel woocommerce-Tabs-panel--description wd-active panel wc-tab\" role=\"tabpanel\" aria-labelledby=\"tab-title-description\" data-accordion-index=\"description\">\n<div class=\"wc-tab-inner\">\n<p>\u00dcr\u00fcnlerimiz T\u00fcrkiye&#8217;de \u00fcretilmi\u015ftir, yerli\u00a0mal\u0131d\u0131r.<\/p>\n<p>D\u00fcz tip fiber merdivenlerimiz kendi fabrikalar\u0131m\u0131zda \u00e7ekilen fiber profillerden \u00fcretilmektedir. Fiber merdivenlerimiz herhangi bir iletkenli\u011fe sahip olmad\u0131\u011f\u0131ndan i\u015f g\u00fcvenli\u011fi kriterlerine uygun olarak \u00fcretilmektedir. D\u00fcz tip fiber merdivenlerimiz istenilen boyda \u00fcretilip yurt i\u00e7i ve yurt d\u0131\u015f\u0131 t\u00fcm m\u00fc\u015fterilerimizin hizmetine sunulmaktad\u0131r.<\/p>\n<p>Sipari\u015fleriniz i\u00e7in bizimle 0 543 578 73 23 numaral\u0131 telefondan ileti\u015fime ge\u00e7ebilirsiniz.<\/p>\n<\/div>\n<\/div>\n<\/div>\n<div class=\"wd-accordion-item\"><\/div>\n<div class=\"wd-accordion-item\"><\/div>\n<\/div>\n<\/div>\n<\/div>\n<\/div>\n<\/div>\n<div class=\"container related-and-upsells\">\n<div id=\"carousel-350\" class=\"wd-carousel-container related-products with-title wd-products-element wd-products products\">\n<h4 class=\"wd-el-title title slider-title element-title\"><\/h4>\n<\/div>\n<\/div>\n","protected":false},"excerpt":{"rendered":"<p>\u00dcr\u00fcnlerimiz T\u00fcrkiye&#8217;de \u00fcretilmi\u015ftir, yerli\u00a0mal\u0131d\u0131r. D\u00fcz tip fiber merdivenlerimiz kendi fabrikalar\u0131m\u0131zda \u00e7ekilen fiber profillerden \u00fcretilmektedir. Fiber merdivenlerimiz herhangi bir iletkenli\u011fe sahip<\/p>\n","protected":false},"featured_media":32614,"template":"","meta":[],"product_brand":[],"product_cat":[116,106],"product_tag":[],"class_list":{"0":"post-30205","1":"product","2":"type-product","3":"status-publish","4":"has-post-thumbnail","6":"product_cat-fiberglas-merdiven","7":"product_cat-tum-urunler","9":"first","10":"instock","11":"shipping-taxable","12":"product-type-simple"},"yoast_head":"<!-- This site is optimized with the Yoast SEO plugin v27.2 - https:\/\/yoast.com\/product\/yoast-seo-wordpress\/ -->\n<title>D\u00fcz Tip Fiber Merdiven - GCC - Global Cable Center<\/title>\n<meta name=\"robots\" content=\"index, follow, max-snippet:-1, max-image-preview:large, max-video-preview:-1\" \/>\n<link rel=\"canonical\" href=\"https:\/\/globalcablecenter.com\/tr\/urun\/duz-tip-fiber-merdiven\/\" \/>\n<meta property=\"og:locale\" content=\"tr_TR\" \/>\n<meta property=\"og:type\" content=\"article\" \/>\n<meta property=\"og:title\" content=\"D\u00fcz Tip Fiber Merdiven - GCC - Global Cable Center\" \/>\n<meta property=\"og:description\" content=\"\u00dcr\u00fcnlerimiz T\u00fcrkiye&#8217;de \u00fcretilmi\u015ftir, yerli\u00a0mal\u0131d\u0131r. D\u00fcz tip fiber merdivenlerimiz kendi fabrikalar\u0131m\u0131zda \u00e7ekilen fiber profillerden \u00fcretilmektedir. Fiber merdivenlerimiz herhangi bir iletkenli\u011fe sahip\" \/>\n<meta property=\"og:url\" content=\"https:\/\/globalcablecenter.com\/tr\/urun\/duz-tip-fiber-merdiven\/\" \/>\n<meta property=\"og:site_name\" content=\"GCC - Global Cable Center\" \/>\n<meta property=\"article:modified_time\" content=\"2024-08-09T19:49:19+00:00\" \/>\n<meta property=\"og:image\" content=\"https:\/\/globalcablecenter.com\/wp-content\/uploads\/2024\/06\/merdive3.png\" \/>\n\t<meta property=\"og:image:width\" content=\"600\" \/>\n\t<meta property=\"og:image:height\" content=\"600\" \/>\n\t<meta property=\"og:image:type\" content=\"image\/png\" \/>\n<meta name=\"twitter:card\" content=\"summary_large_image\" \/>\n<script type=\"application\/ld+json\" class=\"yoast-schema-graph\">{\"@context\":\"https:\/\/schema.org\",\"@graph\":[{\"@type\":\"WebPage\",\"@id\":\"https:\/\/globalcablecenter.com\/tr\/urun\/duz-tip-fiber-merdiven\/\",\"url\":\"https:\/\/globalcablecenter.com\/tr\/urun\/duz-tip-fiber-merdiven\/\",\"name\":\"D\u00fcz Tip Fiber Merdiven - GCC - Global Cable Center\",\"isPartOf\":{\"@id\":\"https:\/\/globalcablecenter.com\/#website\"},\"primaryImageOfPage\":{\"@id\":\"https:\/\/globalcablecenter.com\/tr\/urun\/duz-tip-fiber-merdiven\/#primaryimage\"},\"image\":{\"@id\":\"https:\/\/globalcablecenter.com\/tr\/urun\/duz-tip-fiber-merdiven\/#primaryimage\"},\"thumbnailUrl\":\"https:\/\/globalcablecenter.com\/wp-content\/uploads\/2024\/06\/merdive3.png\",\"datePublished\":\"2024-06-11T22:20:44+00:00\",\"dateModified\":\"2024-08-09T19:49:19+00:00\",\"breadcrumb\":{\"@id\":\"https:\/\/globalcablecenter.com\/tr\/urun\/duz-tip-fiber-merdiven\/#breadcrumb\"},\"inLanguage\":\"tr\",\"potentialAction\":[{\"@type\":\"ReadAction\",\"target\":[\"https:\/\/globalcablecenter.com\/tr\/urun\/duz-tip-fiber-merdiven\/\"]}]},{\"@type\":\"ImageObject\",\"inLanguage\":\"tr\",\"@id\":\"https:\/\/globalcablecenter.com\/tr\/urun\/duz-tip-fiber-merdiven\/#primaryimage\",\"url\":\"https:\/\/globalcablecenter.com\/wp-content\/uploads\/2024\/06\/merdive3.png\",\"contentUrl\":\"https:\/\/globalcablecenter.com\/wp-content\/uploads\/2024\/06\/merdive3.png\",\"width\":600,\"height\":600},{\"@type\":\"BreadcrumbList\",\"@id\":\"https:\/\/globalcablecenter.com\/tr\/urun\/duz-tip-fiber-merdiven\/#breadcrumb\",\"itemListElement\":[{\"@type\":\"ListItem\",\"position\":1,\"name\":\"Ana Sayfa\",\"item\":\"https:\/\/globalcablecenter.com\/\"},{\"@type\":\"ListItem\",\"position\":2,\"name\":\"\u00dcr\u00fcnler\",\"item\":\"https:\/\/globalcablecenter.com\/tr\/magaza\/\"},{\"@type\":\"ListItem\",\"position\":3,\"name\":\"D\u00fcz Tip Fiber Merdiven\"}]},{\"@type\":\"WebSite\",\"@id\":\"https:\/\/globalcablecenter.com\/#website\",\"url\":\"https:\/\/globalcablecenter.com\/\",\"name\":\"GCC - Global Cable Center\",\"description\":\"Global Solutions for Cable Installation\",\"potentialAction\":[{\"@type\":\"SearchAction\",\"target\":{\"@type\":\"EntryPoint\",\"urlTemplate\":\"https:\/\/globalcablecenter.com\/?s={search_term_string}\"},\"query-input\":{\"@type\":\"PropertyValueSpecification\",\"valueRequired\":true,\"valueName\":\"search_term_string\"}}],\"inLanguage\":\"tr\"}]}<\/script>\n<!-- \/ Yoast SEO plugin. -->","yoast_head_json":{"title":"D\u00fcz Tip Fiber Merdiven - GCC - Global Cable Center","robots":{"index":"index","follow":"follow","max-snippet":"max-snippet:-1","max-image-preview":"max-image-preview:large","max-video-preview":"max-video-preview:-1"},"canonical":"https:\/\/globalcablecenter.com\/tr\/urun\/duz-tip-fiber-merdiven\/","og_locale":"tr_TR","og_type":"article","og_title":"D\u00fcz Tip Fiber Merdiven - GCC - Global Cable Center","og_description":"\u00dcr\u00fcnlerimiz T\u00fcrkiye&#8217;de \u00fcretilmi\u015ftir, yerli\u00a0mal\u0131d\u0131r. D\u00fcz tip fiber merdivenlerimiz kendi fabrikalar\u0131m\u0131zda \u00e7ekilen fiber profillerden \u00fcretilmektedir. Fiber merdivenlerimiz herhangi bir iletkenli\u011fe sahip","og_url":"https:\/\/globalcablecenter.com\/tr\/urun\/duz-tip-fiber-merdiven\/","og_site_name":"GCC - Global Cable Center","article_modified_time":"2024-08-09T19:49:19+00:00","og_image":[{"width":600,"height":600,"url":"https:\/\/globalcablecenter.com\/wp-content\/uploads\/2024\/06\/merdive3.png","type":"image\/png"}],"twitter_card":"summary_large_image","schema":{"@context":"https:\/\/schema.org","@graph":[{"@type":"WebPage","@id":"https:\/\/globalcablecenter.com\/tr\/urun\/duz-tip-fiber-merdiven\/","url":"https:\/\/globalcablecenter.com\/tr\/urun\/duz-tip-fiber-merdiven\/","name":"D\u00fcz Tip Fiber Merdiven - GCC - Global Cable Center","isPartOf":{"@id":"https:\/\/globalcablecenter.com\/#website"},"primaryImageOfPage":{"@id":"https:\/\/globalcablecenter.com\/tr\/urun\/duz-tip-fiber-merdiven\/#primaryimage"},"image":{"@id":"https:\/\/globalcablecenter.com\/tr\/urun\/duz-tip-fiber-merdiven\/#primaryimage"},"thumbnailUrl":"https:\/\/globalcablecenter.com\/wp-content\/uploads\/2024\/06\/merdive3.png","datePublished":"2024-06-11T22:20:44+00:00","dateModified":"2024-08-09T19:49:19+00:00","breadcrumb":{"@id":"https:\/\/globalcablecenter.com\/tr\/urun\/duz-tip-fiber-merdiven\/#breadcrumb"},"inLanguage":"tr","potentialAction":[{"@type":"ReadAction","target":["https:\/\/globalcablecenter.com\/tr\/urun\/duz-tip-fiber-merdiven\/"]}]},{"@type":"ImageObject","inLanguage":"tr","@id":"https:\/\/globalcablecenter.com\/tr\/urun\/duz-tip-fiber-merdiven\/#primaryimage","url":"https:\/\/globalcablecenter.com\/wp-content\/uploads\/2024\/06\/merdive3.png","contentUrl":"https:\/\/globalcablecenter.com\/wp-content\/uploads\/2024\/06\/merdive3.png","width":600,"height":600},{"@type":"BreadcrumbList","@id":"https:\/\/globalcablecenter.com\/tr\/urun\/duz-tip-fiber-merdiven\/#breadcrumb","itemListElement":[{"@type":"ListItem","position":1,"name":"Ana Sayfa","item":"https:\/\/globalcablecenter.com\/"},{"@type":"ListItem","position":2,"name":"\u00dcr\u00fcnler","item":"https:\/\/globalcablecenter.com\/tr\/magaza\/"},{"@type":"ListItem","position":3,"name":"D\u00fcz Tip Fiber Merdiven"}]},{"@type":"WebSite","@id":"https:\/\/globalcablecenter.com\/#website","url":"https:\/\/globalcablecenter.com\/","name":"GCC - Global Cable Center","description":"Global Solutions for Cable Installation","potentialAction":[{"@type":"SearchAction","target":{"@type":"EntryPoint","urlTemplate":"https:\/\/globalcablecenter.com\/?s={search_term_string}"},"query-input":{"@type":"PropertyValueSpecification","valueRequired":true,"valueName":"search_term_string"}}],"inLanguage":"tr"}]}},"_links":{"self":[{"href":"https:\/\/globalcablecenter.com\/tr\/wp-json\/wp\/v2\/product\/30205","targetHints":{"allow":["GET"]}}],"collection":[{"href":"https:\/\/globalcablecenter.com\/tr\/wp-json\/wp\/v2\/product"}],"about":[{"href":"https:\/\/globalcablecenter.com\/tr\/wp-json\/wp\/v2\/types\/product"}],"version-history":[{"count":6,"href":"https:\/\/globalcablecenter.com\/tr\/wp-json\/wp\/v2\/product\/30205\/revisions"}],"predecessor-version":[{"id":34423,"href":"https:\/\/globalcablecenter.com\/tr\/wp-json\/wp\/v2\/product\/30205\/revisions\/34423"}],"wp:featuredmedia":[{"embeddable":true,"href":"https:\/\/globalcablecenter.com\/tr\/wp-json\/wp\/v2\/media\/32614"}],"wp:attachment":[{"href":"https:\/\/globalcablecenter.com\/tr\/wp-json\/wp\/v2\/media?parent=30205"}],"wp:term":[{"taxonomy":"product_brand","embeddable":true,"href":"https:\/\/globalcablecenter.com\/tr\/wp-json\/wp\/v2\/product_brand?post=30205"},{"taxonomy":"product_cat","embeddable":true,"href":"https:\/\/globalcablecenter.com\/tr\/wp-json\/wp\/v2\/product_cat?post=30205"},{"taxonomy":"product_tag","embeddable":true,"href":"https:\/\/globalcablecenter.com\/tr\/wp-json\/wp\/v2\/product_tag?post=30205"}],"curies":[{"name":"wp","href":"https:\/\/api.w.org\/{rel}","templated":true}]}}