{"id":30083,"date":"2024-06-11T22:54:35","date_gmt":"2024-06-11T22:54:35","guid":{"rendered":"https:\/\/globalcablecenter.com\/?post_type=product&#038;p=30083"},"modified":"2024-08-09T19:47:29","modified_gmt":"2024-08-09T19:47:29","slug":"panel-tasima-arabasi","status":"publish","type":"product","link":"https:\/\/globalcablecenter.com\/tr\/urun\/panel-tasima-arabasi\/","title":{"rendered":"Panel Ta\u015f\u0131ma Arabas\u0131"},"content":{"rendered":"<div class=\"product-tabs-wrapper\">\n<div class=\"container\">\n<div class=\"row\">\n<div class=\"col-12 poduct-tabs-inner\">\n<div class=\"woocommerce-tabs wc-tabs-wrapper tabs-layout-tabs\" data-state=\"first\" data-layout=\"tabs\">\n<div class=\"wd-accordion-item\">\n<div id=\"tab-description\" class=\"entry-content woocommerce-Tabs-panel woocommerce-Tabs-panel--description wd-active panel wc-tab\" role=\"tabpanel\" aria-labelledby=\"tab-title-description\" data-accordion-index=\"description\">\n<div class=\"wc-tab-inner\">\n<div class=\"urunsecenek\">\n<div>\n<div>\u00dcr\u00fcnlerimiz T\u00fcrkiye&#8217;de \u00fcretilmi\u015ftir, yerli\u00a0mal\u0131d\u0131r.<\/div>\n<div>\u00dcr\u00fcn kodu : PSG-TA1800<\/div>\n<\/div>\n<\/div>\n<div class=\"urunaciklama\">\n<p>Panel Ta\u015f\u0131ma Arabas\u0131<\/p>\n<p>\u00dcr\u00fcn\u00fcm\u00fcz hidroliktir. Kald\u0131rma kapasitesi 1800 kg olup \u00e7ift tak\u0131m halinde kullan\u0131lmaktad\u0131r. Arabay\u0131 ta\u015f\u0131yan panelimiz kar\u015f\u0131l\u0131kl\u0131 olarak kalkar ve araba halat gergi sistemi ile kilitlenerek kar\u015f\u0131l\u0131kl\u0131 olarak kald\u0131r\u0131larak hareket ettirilir. Kullan\u0131m\u0131 kolay ve ta\u015f\u0131mas\u0131 pratiktir.<\/p>\n<p>Sipari\u015fleriniz i\u00e7in bizimle 0 543 578 73 23 numaral\u0131 telefondan ileti\u015fime ge\u00e7ebilirsiniz.<\/p>\n<\/div>\n<\/div>\n<\/div>\n<\/div>\n<div class=\"wd-accordion-item\"><\/div>\n<div class=\"wd-accordion-item\"><\/div>\n<\/div>\n<\/div>\n<\/div>\n<\/div>\n<\/div>\n<div class=\"container related-and-upsells\">\n<div id=\"carousel-864\" class=\"wd-carousel-container related-products with-title wd-products-element wd-products products\">\n<h4 class=\"wd-el-title title slider-title element-title\"><\/h4>\n<\/div>\n<\/div>\n","protected":false},"excerpt":{"rendered":"<p>\u00dcr\u00fcnlerimiz T\u00fcrkiye&#8217;de \u00fcretilmi\u015ftir, yerli\u00a0mal\u0131d\u0131r. \u00dcr\u00fcn kodu : PSG-TA1800 Panel Ta\u015f\u0131ma Arabas\u0131 \u00dcr\u00fcn\u00fcm\u00fcz hidroliktir. Kald\u0131rma kapasitesi 1800 kg olup \u00e7ift tak\u0131m<\/p>\n","protected":false},"featured_media":32590,"template":"","meta":[],"product_brand":[],"product_cat":[106,119],"product_tag":[],"class_list":{"0":"post-30083","1":"product","2":"type-product","3":"status-publish","4":"has-post-thumbnail","6":"product_cat-tum-urunler","7":"product_cat-yuk-tasima-arabalari","9":"first","10":"instock","11":"shipping-taxable","12":"product-type-simple"},"yoast_head":"<!-- This site is optimized with the Yoast SEO plugin v27.2 - https:\/\/yoast.com\/product\/yoast-seo-wordpress\/ -->\n<title>Panel Ta\u015f\u0131ma Arabas\u0131 - GCC - Global Cable Center<\/title>\n<meta name=\"robots\" content=\"index, follow, max-snippet:-1, max-image-preview:large, max-video-preview:-1\" \/>\n<link rel=\"canonical\" href=\"https:\/\/globalcablecenter.com\/tr\/urun\/panel-tasima-arabasi\/\" \/>\n<meta property=\"og:locale\" content=\"tr_TR\" \/>\n<meta property=\"og:type\" content=\"article\" \/>\n<meta property=\"og:title\" content=\"Panel Ta\u015f\u0131ma Arabas\u0131 - GCC - Global Cable Center\" \/>\n<meta property=\"og:description\" content=\"\u00dcr\u00fcnlerimiz T\u00fcrkiye&#8217;de \u00fcretilmi\u015ftir, yerli\u00a0mal\u0131d\u0131r. \u00dcr\u00fcn kodu : PSG-TA1800 Panel Ta\u015f\u0131ma Arabas\u0131 \u00dcr\u00fcn\u00fcm\u00fcz hidroliktir. Kald\u0131rma kapasitesi 1800 kg olup \u00e7ift tak\u0131m\" \/>\n<meta property=\"og:url\" content=\"https:\/\/globalcablecenter.com\/tr\/urun\/panel-tasima-arabasi\/\" \/>\n<meta property=\"og:site_name\" content=\"GCC - Global Cable Center\" \/>\n<meta property=\"article:modified_time\" content=\"2024-08-09T19:47:29+00:00\" \/>\n<meta property=\"og:image\" content=\"https:\/\/globalcablecenter.com\/wp-content\/uploads\/2024\/06\/tasimahidorloik1.png\" \/>\n\t<meta property=\"og:image:width\" content=\"600\" \/>\n\t<meta property=\"og:image:height\" content=\"600\" \/>\n\t<meta property=\"og:image:type\" content=\"image\/png\" \/>\n<meta name=\"twitter:card\" content=\"summary_large_image\" \/>\n<script type=\"application\/ld+json\" class=\"yoast-schema-graph\">{\"@context\":\"https:\/\/schema.org\",\"@graph\":[{\"@type\":\"WebPage\",\"@id\":\"https:\/\/globalcablecenter.com\/tr\/urun\/panel-tasima-arabasi\/\",\"url\":\"https:\/\/globalcablecenter.com\/tr\/urun\/panel-tasima-arabasi\/\",\"name\":\"Panel Ta\u015f\u0131ma Arabas\u0131 - GCC - Global Cable Center\",\"isPartOf\":{\"@id\":\"https:\/\/globalcablecenter.com\/#website\"},\"primaryImageOfPage\":{\"@id\":\"https:\/\/globalcablecenter.com\/tr\/urun\/panel-tasima-arabasi\/#primaryimage\"},\"image\":{\"@id\":\"https:\/\/globalcablecenter.com\/tr\/urun\/panel-tasima-arabasi\/#primaryimage\"},\"thumbnailUrl\":\"https:\/\/globalcablecenter.com\/wp-content\/uploads\/2024\/06\/tasimahidorloik1.png\",\"datePublished\":\"2024-06-11T22:54:35+00:00\",\"dateModified\":\"2024-08-09T19:47:29+00:00\",\"breadcrumb\":{\"@id\":\"https:\/\/globalcablecenter.com\/tr\/urun\/panel-tasima-arabasi\/#breadcrumb\"},\"inLanguage\":\"tr\",\"potentialAction\":[{\"@type\":\"ReadAction\",\"target\":[\"https:\/\/globalcablecenter.com\/tr\/urun\/panel-tasima-arabasi\/\"]}]},{\"@type\":\"ImageObject\",\"inLanguage\":\"tr\",\"@id\":\"https:\/\/globalcablecenter.com\/tr\/urun\/panel-tasima-arabasi\/#primaryimage\",\"url\":\"https:\/\/globalcablecenter.com\/wp-content\/uploads\/2024\/06\/tasimahidorloik1.png\",\"contentUrl\":\"https:\/\/globalcablecenter.com\/wp-content\/uploads\/2024\/06\/tasimahidorloik1.png\",\"width\":600,\"height\":600},{\"@type\":\"BreadcrumbList\",\"@id\":\"https:\/\/globalcablecenter.com\/tr\/urun\/panel-tasima-arabasi\/#breadcrumb\",\"itemListElement\":[{\"@type\":\"ListItem\",\"position\":1,\"name\":\"Ana Sayfa\",\"item\":\"https:\/\/globalcablecenter.com\/\"},{\"@type\":\"ListItem\",\"position\":2,\"name\":\"\u00dcr\u00fcnler\",\"item\":\"https:\/\/globalcablecenter.com\/tr\/magaza\/\"},{\"@type\":\"ListItem\",\"position\":3,\"name\":\"Panel Ta\u015f\u0131ma Arabas\u0131\"}]},{\"@type\":\"WebSite\",\"@id\":\"https:\/\/globalcablecenter.com\/#website\",\"url\":\"https:\/\/globalcablecenter.com\/\",\"name\":\"GCC - Global Cable Center\",\"description\":\"Global Solutions for Cable Installation\",\"potentialAction\":[{\"@type\":\"SearchAction\",\"target\":{\"@type\":\"EntryPoint\",\"urlTemplate\":\"https:\/\/globalcablecenter.com\/?s={search_term_string}\"},\"query-input\":{\"@type\":\"PropertyValueSpecification\",\"valueRequired\":true,\"valueName\":\"search_term_string\"}}],\"inLanguage\":\"tr\"}]}<\/script>\n<!-- \/ Yoast SEO plugin. -->","yoast_head_json":{"title":"Panel Ta\u015f\u0131ma Arabas\u0131 - GCC - Global Cable Center","robots":{"index":"index","follow":"follow","max-snippet":"max-snippet:-1","max-image-preview":"max-image-preview:large","max-video-preview":"max-video-preview:-1"},"canonical":"https:\/\/globalcablecenter.com\/tr\/urun\/panel-tasima-arabasi\/","og_locale":"tr_TR","og_type":"article","og_title":"Panel Ta\u015f\u0131ma Arabas\u0131 - GCC - Global Cable Center","og_description":"\u00dcr\u00fcnlerimiz T\u00fcrkiye&#8217;de \u00fcretilmi\u015ftir, yerli\u00a0mal\u0131d\u0131r. \u00dcr\u00fcn kodu : PSG-TA1800 Panel Ta\u015f\u0131ma Arabas\u0131 \u00dcr\u00fcn\u00fcm\u00fcz hidroliktir. Kald\u0131rma kapasitesi 1800 kg olup \u00e7ift tak\u0131m","og_url":"https:\/\/globalcablecenter.com\/tr\/urun\/panel-tasima-arabasi\/","og_site_name":"GCC - Global Cable Center","article_modified_time":"2024-08-09T19:47:29+00:00","og_image":[{"width":600,"height":600,"url":"https:\/\/globalcablecenter.com\/wp-content\/uploads\/2024\/06\/tasimahidorloik1.png","type":"image\/png"}],"twitter_card":"summary_large_image","schema":{"@context":"https:\/\/schema.org","@graph":[{"@type":"WebPage","@id":"https:\/\/globalcablecenter.com\/tr\/urun\/panel-tasima-arabasi\/","url":"https:\/\/globalcablecenter.com\/tr\/urun\/panel-tasima-arabasi\/","name":"Panel Ta\u015f\u0131ma Arabas\u0131 - GCC - Global Cable Center","isPartOf":{"@id":"https:\/\/globalcablecenter.com\/#website"},"primaryImageOfPage":{"@id":"https:\/\/globalcablecenter.com\/tr\/urun\/panel-tasima-arabasi\/#primaryimage"},"image":{"@id":"https:\/\/globalcablecenter.com\/tr\/urun\/panel-tasima-arabasi\/#primaryimage"},"thumbnailUrl":"https:\/\/globalcablecenter.com\/wp-content\/uploads\/2024\/06\/tasimahidorloik1.png","datePublished":"2024-06-11T22:54:35+00:00","dateModified":"2024-08-09T19:47:29+00:00","breadcrumb":{"@id":"https:\/\/globalcablecenter.com\/tr\/urun\/panel-tasima-arabasi\/#breadcrumb"},"inLanguage":"tr","potentialAction":[{"@type":"ReadAction","target":["https:\/\/globalcablecenter.com\/tr\/urun\/panel-tasima-arabasi\/"]}]},{"@type":"ImageObject","inLanguage":"tr","@id":"https:\/\/globalcablecenter.com\/tr\/urun\/panel-tasima-arabasi\/#primaryimage","url":"https:\/\/globalcablecenter.com\/wp-content\/uploads\/2024\/06\/tasimahidorloik1.png","contentUrl":"https:\/\/globalcablecenter.com\/wp-content\/uploads\/2024\/06\/tasimahidorloik1.png","width":600,"height":600},{"@type":"BreadcrumbList","@id":"https:\/\/globalcablecenter.com\/tr\/urun\/panel-tasima-arabasi\/#breadcrumb","itemListElement":[{"@type":"ListItem","position":1,"name":"Ana Sayfa","item":"https:\/\/globalcablecenter.com\/"},{"@type":"ListItem","position":2,"name":"\u00dcr\u00fcnler","item":"https:\/\/globalcablecenter.com\/tr\/magaza\/"},{"@type":"ListItem","position":3,"name":"Panel Ta\u015f\u0131ma Arabas\u0131"}]},{"@type":"WebSite","@id":"https:\/\/globalcablecenter.com\/#website","url":"https:\/\/globalcablecenter.com\/","name":"GCC - Global Cable Center","description":"Global Solutions for Cable Installation","potentialAction":[{"@type":"SearchAction","target":{"@type":"EntryPoint","urlTemplate":"https:\/\/globalcablecenter.com\/?s={search_term_string}"},"query-input":{"@type":"PropertyValueSpecification","valueRequired":true,"valueName":"search_term_string"}}],"inLanguage":"tr"}]}},"_links":{"self":[{"href":"https:\/\/globalcablecenter.com\/tr\/wp-json\/wp\/v2\/product\/30083","targetHints":{"allow":["GET"]}}],"collection":[{"href":"https:\/\/globalcablecenter.com\/tr\/wp-json\/wp\/v2\/product"}],"about":[{"href":"https:\/\/globalcablecenter.com\/tr\/wp-json\/wp\/v2\/types\/product"}],"version-history":[{"count":6,"href":"https:\/\/globalcablecenter.com\/tr\/wp-json\/wp\/v2\/product\/30083\/revisions"}],"predecessor-version":[{"id":34405,"href":"https:\/\/globalcablecenter.com\/tr\/wp-json\/wp\/v2\/product\/30083\/revisions\/34405"}],"wp:featuredmedia":[{"embeddable":true,"href":"https:\/\/globalcablecenter.com\/tr\/wp-json\/wp\/v2\/media\/32590"}],"wp:attachment":[{"href":"https:\/\/globalcablecenter.com\/tr\/wp-json\/wp\/v2\/media?parent=30083"}],"wp:term":[{"taxonomy":"product_brand","embeddable":true,"href":"https:\/\/globalcablecenter.com\/tr\/wp-json\/wp\/v2\/product_brand?post=30083"},{"taxonomy":"product_cat","embeddable":true,"href":"https:\/\/globalcablecenter.com\/tr\/wp-json\/wp\/v2\/product_cat?post=30083"},{"taxonomy":"product_tag","embeddable":true,"href":"https:\/\/globalcablecenter.com\/tr\/wp-json\/wp\/v2\/product_tag?post=30083"}],"curies":[{"name":"wp","href":"https:\/\/api.w.org\/{rel}","templated":true}]}}