{"id":29912,"date":"2024-06-10T08:24:39","date_gmt":"2024-06-10T08:24:39","guid":{"rendered":"https:\/\/globalcablecenter.com\/?post_type=product&#038;p=29912"},"modified":"2026-01-16T11:31:45","modified_gmt":"2026-01-16T11:31:45","slug":"3-makarali-kablo-tasima-romorku","status":"publish","type":"product","link":"https:\/\/globalcablecenter.com\/tr\/urun\/3-makarali-kablo-tasima-romorku\/","title":{"rendered":"3 MAKARALI KABLO TA\u015eIMA R\u00d6MORKU"},"content":{"rendered":"<h2 style=\"color: #f28c28; font-weight: bold; margin-top: 10px;\">3 MAKARALI KABLO TA\u015eIMA R\u00d6MORKU<\/h2>\n<h4 style=\"margin-top: 10px;\"><strong style=\"color: #f28c28;\">\u00dcr\u00fcn Kodu: <\/strong><span style=\"color: #f28c28; font-weight: bold;\">GCC-CDT-3<\/span><\/h4>\n<p><strong>3 Makaral\u0131 Kablo Ta\u015f\u0131ma R\u00f6morku<\/strong>, <strong>ayn\u0131 anda \u00fc\u00e7 adet kablo makaras\u0131n\u0131<\/strong> g\u00fcvenli \u015fekilde ta\u015f\u0131y\u0131p nakletmek i\u00e7in tasarlanm\u0131\u015ft\u0131r ve orta ile b\u00fcy\u00fck \u00f6l\u00e7ekli kablo kurulum projeleri i\u00e7in verimli bir \u00e7\u00f6z\u00fcm sunar. Proje ihtiya\u00e7lar\u0131na ba\u011fl\u0131 olarak bu model, <strong>12.000 kg\u2019a kadar toplam ta\u015f\u0131ma kapasitesiyle<\/strong> \u00fcretilebilmektedir.<\/p>\n<p>Bu r\u00f6mork; <strong>\u00fc\u00e7 farkl\u0131 tahrik ve kullan\u0131m se\u00e7ene\u011fiyle<\/strong> sunulabilir: motorlu, trakt\u00f6r \u00e7eki\u015fli veya manuel. Bu esneklik sayesinde ekipman, \u015fehir i\u00e7i altyap\u0131 projelerinden a\u011f\u0131r hizmet saha uygulamalar\u0131na kadar geni\u015f bir kullan\u0131m alan\u0131na sahiptir.<\/p>\n<h4 style=\"color: #f28c28; font-weight: bold; margin-top: 20px;\"><strong>Standartlar ve Dok\u00fcmantasyon<\/strong><\/h4>\n<ul>\n<li>CE ve ISO sertifikal\u0131<\/li>\n<li>Makine m\u00fchendisi onayl\u0131 kontrol ve test raporlar\u0131<\/li>\n<\/ul>\n<h4 style=\"color: #f28c28; font-weight: bold; margin-top: 20px;\"><strong>Genel Teknik \u00d6zellikler<\/strong><\/h4>\n<ul>\n<li>Ayn\u0131 anda ta\u015f\u0131nabilen kablo makaras\u0131 say\u0131s\u0131: 3<\/li>\n<li>Maksimum toplam kapasite: 12.000 kg\u2019a kadar (konfig\u00fcrasyona ba\u011fl\u0131 olarak)<\/li>\n<\/ul>\n<h4 style=\"color: #f28c28; font-weight: bold; margin-top: 20px;\"><strong>Mevcut Konfig\u00fcrasyonlar<\/strong><\/h4>\n<ul>\n<li>Motorlu versiyon (dizel veya benzinli)<\/li>\n<li>Trakt\u00f6r \u00e7eki\u015fli versiyon<\/li>\n<li>Manuel versiyon<\/li>\n<\/ul>\n<h4 style=\"color: #f28c28; font-weight: bold; margin-top: 20px;\"><strong>Opsiyonel Donan\u0131mlar<\/strong><\/h4>\n<ul>\n<li>Farkl\u0131 tahrik sistemi se\u00e7enekleri (motorlu \/ trakt\u00f6r \/ manuel)<\/li>\n<li>Proje ihtiya\u00e7lar\u0131na g\u00f6re kapasite ve yap\u0131sal \u00f6zelle\u015ftirme<\/li>\n<\/ul>\n<h4 style=\"color: #f28c28; font-weight: bold; margin-top: 20px;\"><strong>Sipari\u015f ve Bilgi<\/strong><\/h4>\n<p>\ud83d\udcf1 (+90) 543 578 7323<\/p>\n<p>\ud83d\udce7 <a href=\"mailto:sa***@***************er.com\" data-original-string=\"5KZz+mEHFeh68u49aWr9gQ==ef5mGWvPTEZcLtM6u+wjwOmm\/NfvGjtpK2P+6WDIn6ynPc=\" title=\"This contact has been encoded by Anti-Spam by CleanTalk. Click to decode. To finish the decoding make sure that JavaScript is enabled in your browser.\"><span \n                data-original-string='X2pf6dNeNKdLDpSOyNnstQ==ef55nzpXYC3CHyfCkkIkThUw6QylT6LbH0tWq9V8u\/c\/AA='\n                class='apbct-email-encoder'\n                title='This contact has been encoded by Anti-Spam by CleanTalk. Click to decode. To finish the decoding make sure that JavaScript is enabled in your browser.'>sa<span class=\"apbct-blur\">***<\/span>@<span class=\"apbct-blur\">***************<\/span>er.com<\/span><\/a><\/p>\n","protected":false},"excerpt":{"rendered":"<table style=\"width: 100%; border-collapse: separate; border-spacing: 0; font-size: 14px; border: 2px solid #ccc; border-radius: 10px; overflow: hidden; table-layout: fixed;\">\n<tbody>\n<tr style=\"background-color: #f28c28; color: #fff; text-align: center; font-weight: bold; text-transform: uppercase;\">\n<th style=\"padding: 10px; border: 1px solid #ccc; font-weight: bold; width: 50%;\">\u00d6ZELL\u0130K<\/th>\n<th style=\"padding: 10px; border: 1px solid #ccc; font-weight: bold; width: 50%;\">DETAY<\/th>\n<\/tr>\n<tr>\n<td style=\"padding: 8px; border: 1px solid #ccc; font-weight: bold;\">\u00dcr\u00fcn Kodu<\/td>\n<td style=\"padding: 8px; border: 1px solid #ccc;\">GCC-CDT-3<\/td>\n<\/tr>\n<tr>\n<td style=\"padding: 8px; border: 1px solid #ccc; font-weight: bold;\">Ayn\u0131 Anda Ta\u015f\u0131nabilen Makara Say\u0131s\u0131<\/td>\n<td style=\"padding: 8px; border: 1px solid #ccc;\">3 Adet Kablo Makaras\u0131<\/td>\n<\/tr>\n<tr>\n<td style=\"padding: 8px; border: 1px solid #ccc; font-weight: bold;\">Maksimum Kapasite<\/td>\n<td style=\"padding: 8px; border: 1px solid #ccc;\">12.000 kg\u2019a kadar (konfig\u00fcrasyona ba\u011fl\u0131 olarak)<\/td>\n<\/tr>\n<tr>\n<td style=\"padding: 8px; border: 1px solid #ccc; font-weight: bold;\">Mevcut Tahrik Tipleri<\/td>\n<td style=\"padding: 8px; border: 1px solid #ccc;\">Motorlu \/ Trakt\u00f6r \u00c7eki\u015fli \/ Manuel<\/td>\n<\/tr>\n<tr>\n<td style=\"padding: 8px; border: 1px solid #ccc; font-weight: bold;\">Motor Tipi (varsa)<\/td>\n<td style=\"padding: 8px; border: 1px solid #ccc;\">Dizel veya Benzinli<\/td>\n<\/tr>\n<\/tbody>\n<\/table>\n","protected":false},"featured_media":37843,"template":"","meta":[],"product_brand":[1146],"product_cat":[111,106],"product_tag":[1363,1361,876,1346,870,1200,1362,1259,1365,1364],"class_list":{"0":"post-29912","1":"product","2":"type-product","3":"status-publish","4":"has-post-thumbnail","6":"product_brand-gcc","7":"product_cat-kablo-makara-tasima-romorklari","8":"product_cat-tum-urunler","9":"product_tag-12-ton-kablo-tasima-romorku","10":"product_tag-3-makarali-kablo-tasima-romorku","11":"product_tag-agir-hizmet-kablo-romorku","12":"product_tag-kablo-kurulum-ekipmanlari","13":"product_tag-kablo-makara-romorku","14":"product_tag-kablo-makara-tasima-romorku","15":"product_tag-kablo-tamburu-tasima-romorku","16":"product_tag-kablo-tasima-ekipmani","17":"product_tag-motorlu-kablo-tasima-romorku","18":"product_tag-traktor-cekisli-kablo-romorku","20":"first","21":"instock","22":"shipping-taxable","23":"product-type-simple"},"yoast_head":"<!-- This site is optimized with the Yoast SEO plugin v27.2 - https:\/\/yoast.com\/product\/yoast-seo-wordpress\/ -->\n<title>3 Makaral\u0131 Kablo Ta\u015f\u0131ma R\u00f6morku | Global Cable Center<\/title>\n<meta name=\"description\" content=\"3 Makaral\u0131 Kablo Ta\u015f\u0131ma R\u00f6morku ile ayn\u0131 anda 3 makara ta\u015f\u0131y\u0131n. 12.000 kg\u2019a kadar kapasite. Motorlu, trakt\u00f6r \u00e7eki\u015fli ve manuel se\u00e7enekler.\" \/>\n<meta name=\"robots\" content=\"index, follow, max-snippet:-1, max-image-preview:large, max-video-preview:-1\" \/>\n<link rel=\"canonical\" href=\"https:\/\/globalcablecenter.com\/tr\/urun\/3-makarali-kablo-tasima-romorku\/\" \/>\n<meta property=\"og:locale\" content=\"tr_TR\" \/>\n<meta property=\"og:type\" content=\"article\" \/>\n<meta property=\"og:title\" content=\"3 Makaral\u0131 Kablo Ta\u015f\u0131ma R\u00f6morku | Global Cable Center\" \/>\n<meta property=\"og:description\" content=\"3 Makaral\u0131 Kablo Ta\u015f\u0131ma R\u00f6morku ile ayn\u0131 anda 3 makara ta\u015f\u0131y\u0131n. 12.000 kg\u2019a kadar kapasite. Motorlu, trakt\u00f6r \u00e7eki\u015fli ve manuel se\u00e7enekler.\" \/>\n<meta property=\"og:url\" content=\"https:\/\/globalcablecenter.com\/tr\/urun\/3-makarali-kablo-tasima-romorku\/\" \/>\n<meta property=\"og:site_name\" content=\"GCC - Global Cable Center\" \/>\n<meta property=\"article:modified_time\" content=\"2026-01-16T11:31:45+00:00\" \/>\n<meta property=\"og:image\" content=\"https:\/\/globalcablecenter.com\/wp-content\/uploads\/2024\/06\/3-Drums-CDT.jpeg\" \/>\n\t<meta property=\"og:image:width\" content=\"2400\" \/>\n\t<meta property=\"og:image:height\" content=\"2400\" \/>\n\t<meta property=\"og:image:type\" content=\"image\/jpeg\" \/>\n<meta name=\"twitter:card\" content=\"summary_large_image\" \/>\n<meta name=\"twitter:label1\" content=\"Tahmini okuma s\u00fcresi\" \/>\n\t<meta name=\"twitter:data1\" content=\"1 dakika\" \/>\n<script type=\"application\/ld+json\" class=\"yoast-schema-graph\">{\"@context\":\"https:\/\/schema.org\",\"@graph\":[{\"@type\":\"WebPage\",\"@id\":\"https:\/\/globalcablecenter.com\/tr\/urun\/3-makarali-kablo-tasima-romorku\/\",\"url\":\"https:\/\/globalcablecenter.com\/tr\/urun\/3-makarali-kablo-tasima-romorku\/\",\"name\":\"3 Makaral\u0131 Kablo Ta\u015f\u0131ma R\u00f6morku | Global Cable Center\",\"isPartOf\":{\"@id\":\"https:\/\/globalcablecenter.com\/#website\"},\"primaryImageOfPage\":{\"@id\":\"https:\/\/globalcablecenter.com\/tr\/urun\/3-makarali-kablo-tasima-romorku\/#primaryimage\"},\"image\":{\"@id\":\"https:\/\/globalcablecenter.com\/tr\/urun\/3-makarali-kablo-tasima-romorku\/#primaryimage\"},\"thumbnailUrl\":\"https:\/\/globalcablecenter.com\/wp-content\/uploads\/2024\/06\/3-Drums-CDT.jpeg\",\"datePublished\":\"2024-06-10T08:24:39+00:00\",\"dateModified\":\"2026-01-16T11:31:45+00:00\",\"description\":\"3 Makaral\u0131 Kablo Ta\u015f\u0131ma R\u00f6morku ile ayn\u0131 anda 3 makara ta\u015f\u0131y\u0131n. 12.000 kg\u2019a kadar kapasite. Motorlu, trakt\u00f6r \u00e7eki\u015fli ve manuel se\u00e7enekler.\",\"breadcrumb\":{\"@id\":\"https:\/\/globalcablecenter.com\/tr\/urun\/3-makarali-kablo-tasima-romorku\/#breadcrumb\"},\"inLanguage\":\"tr\",\"potentialAction\":[{\"@type\":\"ReadAction\",\"target\":[\"https:\/\/globalcablecenter.com\/tr\/urun\/3-makarali-kablo-tasima-romorku\/\"]}]},{\"@type\":\"ImageObject\",\"inLanguage\":\"tr\",\"@id\":\"https:\/\/globalcablecenter.com\/tr\/urun\/3-makarali-kablo-tasima-romorku\/#primaryimage\",\"url\":\"https:\/\/globalcablecenter.com\/wp-content\/uploads\/2024\/06\/3-Drums-CDT.jpeg\",\"contentUrl\":\"https:\/\/globalcablecenter.com\/wp-content\/uploads\/2024\/06\/3-Drums-CDT.jpeg\",\"width\":2400,\"height\":2400,\"caption\":\"3 makaral\u0131 kablo ta\u015f\u0131ma r\u00f6morku\"},{\"@type\":\"BreadcrumbList\",\"@id\":\"https:\/\/globalcablecenter.com\/tr\/urun\/3-makarali-kablo-tasima-romorku\/#breadcrumb\",\"itemListElement\":[{\"@type\":\"ListItem\",\"position\":1,\"name\":\"Ana Sayfa\",\"item\":\"https:\/\/globalcablecenter.com\/\"},{\"@type\":\"ListItem\",\"position\":2,\"name\":\"\u00dcr\u00fcnler\",\"item\":\"https:\/\/globalcablecenter.com\/tr\/magaza\/\"},{\"@type\":\"ListItem\",\"position\":3,\"name\":\"3 MAKARALI KABLO TA\u015eIMA R\u00d6MORKU\"}]},{\"@type\":\"WebSite\",\"@id\":\"https:\/\/globalcablecenter.com\/#website\",\"url\":\"https:\/\/globalcablecenter.com\/\",\"name\":\"GCC - Global Cable Center\",\"description\":\"Global Solutions for Cable Installation\",\"potentialAction\":[{\"@type\":\"SearchAction\",\"target\":{\"@type\":\"EntryPoint\",\"urlTemplate\":\"https:\/\/globalcablecenter.com\/?s={search_term_string}\"},\"query-input\":{\"@type\":\"PropertyValueSpecification\",\"valueRequired\":true,\"valueName\":\"search_term_string\"}}],\"inLanguage\":\"tr\"}]}<\/script>\n<!-- \/ Yoast SEO plugin. -->","yoast_head_json":{"title":"3 Makaral\u0131 Kablo Ta\u015f\u0131ma R\u00f6morku | Global Cable Center","description":"3 Makaral\u0131 Kablo Ta\u015f\u0131ma R\u00f6morku ile ayn\u0131 anda 3 makara ta\u015f\u0131y\u0131n. 12.000 kg\u2019a kadar kapasite. Motorlu, trakt\u00f6r \u00e7eki\u015fli ve manuel se\u00e7enekler.","robots":{"index":"index","follow":"follow","max-snippet":"max-snippet:-1","max-image-preview":"max-image-preview:large","max-video-preview":"max-video-preview:-1"},"canonical":"https:\/\/globalcablecenter.com\/tr\/urun\/3-makarali-kablo-tasima-romorku\/","og_locale":"tr_TR","og_type":"article","og_title":"3 Makaral\u0131 Kablo Ta\u015f\u0131ma R\u00f6morku | Global Cable Center","og_description":"3 Makaral\u0131 Kablo Ta\u015f\u0131ma R\u00f6morku ile ayn\u0131 anda 3 makara ta\u015f\u0131y\u0131n. 12.000 kg\u2019a kadar kapasite. Motorlu, trakt\u00f6r \u00e7eki\u015fli ve manuel se\u00e7enekler.","og_url":"https:\/\/globalcablecenter.com\/tr\/urun\/3-makarali-kablo-tasima-romorku\/","og_site_name":"GCC - Global Cable Center","article_modified_time":"2026-01-16T11:31:45+00:00","og_image":[{"width":2400,"height":2400,"url":"https:\/\/globalcablecenter.com\/wp-content\/uploads\/2024\/06\/3-Drums-CDT.jpeg","type":"image\/jpeg"}],"twitter_card":"summary_large_image","twitter_misc":{"Tahmini okuma s\u00fcresi":"1 dakika"},"schema":{"@context":"https:\/\/schema.org","@graph":[{"@type":"WebPage","@id":"https:\/\/globalcablecenter.com\/tr\/urun\/3-makarali-kablo-tasima-romorku\/","url":"https:\/\/globalcablecenter.com\/tr\/urun\/3-makarali-kablo-tasima-romorku\/","name":"3 Makaral\u0131 Kablo Ta\u015f\u0131ma R\u00f6morku | Global Cable Center","isPartOf":{"@id":"https:\/\/globalcablecenter.com\/#website"},"primaryImageOfPage":{"@id":"https:\/\/globalcablecenter.com\/tr\/urun\/3-makarali-kablo-tasima-romorku\/#primaryimage"},"image":{"@id":"https:\/\/globalcablecenter.com\/tr\/urun\/3-makarali-kablo-tasima-romorku\/#primaryimage"},"thumbnailUrl":"https:\/\/globalcablecenter.com\/wp-content\/uploads\/2024\/06\/3-Drums-CDT.jpeg","datePublished":"2024-06-10T08:24:39+00:00","dateModified":"2026-01-16T11:31:45+00:00","description":"3 Makaral\u0131 Kablo Ta\u015f\u0131ma R\u00f6morku ile ayn\u0131 anda 3 makara ta\u015f\u0131y\u0131n. 12.000 kg\u2019a kadar kapasite. Motorlu, trakt\u00f6r \u00e7eki\u015fli ve manuel se\u00e7enekler.","breadcrumb":{"@id":"https:\/\/globalcablecenter.com\/tr\/urun\/3-makarali-kablo-tasima-romorku\/#breadcrumb"},"inLanguage":"tr","potentialAction":[{"@type":"ReadAction","target":["https:\/\/globalcablecenter.com\/tr\/urun\/3-makarali-kablo-tasima-romorku\/"]}]},{"@type":"ImageObject","inLanguage":"tr","@id":"https:\/\/globalcablecenter.com\/tr\/urun\/3-makarali-kablo-tasima-romorku\/#primaryimage","url":"https:\/\/globalcablecenter.com\/wp-content\/uploads\/2024\/06\/3-Drums-CDT.jpeg","contentUrl":"https:\/\/globalcablecenter.com\/wp-content\/uploads\/2024\/06\/3-Drums-CDT.jpeg","width":2400,"height":2400,"caption":"3 makaral\u0131 kablo ta\u015f\u0131ma r\u00f6morku"},{"@type":"BreadcrumbList","@id":"https:\/\/globalcablecenter.com\/tr\/urun\/3-makarali-kablo-tasima-romorku\/#breadcrumb","itemListElement":[{"@type":"ListItem","position":1,"name":"Ana Sayfa","item":"https:\/\/globalcablecenter.com\/"},{"@type":"ListItem","position":2,"name":"\u00dcr\u00fcnler","item":"https:\/\/globalcablecenter.com\/tr\/magaza\/"},{"@type":"ListItem","position":3,"name":"3 MAKARALI KABLO TA\u015eIMA R\u00d6MORKU"}]},{"@type":"WebSite","@id":"https:\/\/globalcablecenter.com\/#website","url":"https:\/\/globalcablecenter.com\/","name":"GCC - Global Cable Center","description":"Global Solutions for Cable Installation","potentialAction":[{"@type":"SearchAction","target":{"@type":"EntryPoint","urlTemplate":"https:\/\/globalcablecenter.com\/?s={search_term_string}"},"query-input":{"@type":"PropertyValueSpecification","valueRequired":true,"valueName":"search_term_string"}}],"inLanguage":"tr"}]}},"_links":{"self":[{"href":"https:\/\/globalcablecenter.com\/tr\/wp-json\/wp\/v2\/product\/29912","targetHints":{"allow":["GET"]}}],"collection":[{"href":"https:\/\/globalcablecenter.com\/tr\/wp-json\/wp\/v2\/product"}],"about":[{"href":"https:\/\/globalcablecenter.com\/tr\/wp-json\/wp\/v2\/types\/product"}],"version-history":[{"count":16,"href":"https:\/\/globalcablecenter.com\/tr\/wp-json\/wp\/v2\/product\/29912\/revisions"}],"predecessor-version":[{"id":37860,"href":"https:\/\/globalcablecenter.com\/tr\/wp-json\/wp\/v2\/product\/29912\/revisions\/37860"}],"wp:featuredmedia":[{"embeddable":true,"href":"https:\/\/globalcablecenter.com\/tr\/wp-json\/wp\/v2\/media\/37843"}],"wp:attachment":[{"href":"https:\/\/globalcablecenter.com\/tr\/wp-json\/wp\/v2\/media?parent=29912"}],"wp:term":[{"taxonomy":"product_brand","embeddable":true,"href":"https:\/\/globalcablecenter.com\/tr\/wp-json\/wp\/v2\/product_brand?post=29912"},{"taxonomy":"product_cat","embeddable":true,"href":"https:\/\/globalcablecenter.com\/tr\/wp-json\/wp\/v2\/product_cat?post=29912"},{"taxonomy":"product_tag","embeddable":true,"href":"https:\/\/globalcablecenter.com\/tr\/wp-json\/wp\/v2\/product_tag?post=29912"}],"curies":[{"name":"wp","href":"https:\/\/api.w.org\/{rel}","templated":true}]}}