{"id":37985,"date":"2026-01-18T13:41:11","date_gmt":"2026-01-18T13:41:11","guid":{"rendered":"https:\/\/globalcablecenter.com\/?page_id=37985"},"modified":"2026-01-29T13:42:04","modified_gmt":"2026-01-29T13:42:04","slug":"sikca-sorulan-sorular","status":"publish","type":"page","link":"https:\/\/globalcablecenter.com\/tr\/sikca-sorulan-sorular\/","title":{"rendered":"S\u0131k\u00e7a Sorulan Sorular (SSS)"},"content":{"rendered":"\t\t<div data-elementor-type=\"wp-page\" data-elementor-id=\"37985\" class=\"elementor elementor-37985 elementor-37971\" data-elementor-post-type=\"page\">\n\t\t\t\t<div class=\"wd-negative-gap elementor-element elementor-element-cb33dc4 e-flex e-con-boxed e-con e-parent\" data-id=\"cb33dc4\" data-element_type=\"container\" data-e-type=\"container\">\n\t\t\t\t\t<div class=\"e-con-inner\">\n\t\t\t\t<div class=\"elementor-element elementor-element-7b45e89 elementor-widget elementor-widget-wd_text_block\" data-id=\"7b45e89\" data-element_type=\"widget\" data-e-type=\"widget\" data-widget_type=\"wd_text_block.default\">\n\t\t\t\t<div class=\"elementor-widget-container\">\n\t\t\t\t\t\t\t<div class=\"wd-text-block reset-last-child text-left\">\n\t\t\t\n\t\t\t<h3 style=\"margin-top: 10px;\"><span style=\"color: #f28c28; font-weight: bold;\">1. \u00dcr\u00fcnlerinizi nerede \u00fcretiyorsunuz?<\/span><\/h3><p>T\u00fcm \u00fcr\u00fcnlerimiz T\u00fcrkiye\u2019de, Konya\u2019daki \u00fcretim tesisimizde \u00fcretilmektedir. \u00dcretim s\u00fcrecinde s\u0131k\u0131 kalite kontrol prosed\u00fcrlerini uygular ve m\u00fcmk\u00fcn oldu\u011funca yerli malzeme kullan\u0131r\u0131z.<\/p><h3 style=\"margin-top: 10px;\"><span style=\"color: #f28c28; font-weight: bold;\">2. \u00dcr\u00fcnleriniz garantili mi?<\/span><\/h3><p>Evet. T\u00fcm \u00fcr\u00fcnlerimiz i\u00e7in <strong data-start=\"181\" data-end=\"222\">\u00fcretim hatalar\u0131na kar\u015f\u0131 12 ay garanti<\/strong> sunuyoruz. Ancak <strong data-start=\"240\" data-end=\"293\">yanl\u0131\u015f kullan\u0131m, hatal\u0131 montaj veya a\u015f\u0131r\u0131 y\u00fckleme<\/strong> sonucu olu\u015fan hasarlar garanti kapsam\u0131na girmez.<\/p><h3 style=\"margin-top: 10px;\"><span style=\"color: #f28c28; font-weight: bold;\">3. \u00d6zel \u00fcretim veya projeye \u00f6zel tasar\u0131m yap\u0131yor musunuz?<\/span><\/h3><p>Evet, <strong>\u00fcr\u00fcnleri projenizin \u00f6zel ihtiya\u00e7lar\u0131na g\u00f6re tasarl\u0131yor ve \u00fcretiyoruz.<\/strong> Bu do\u011frultuda, \u00f6zel \u00f6l\u00e7\u00fclerde, kapasitelerde veya teknik \u00f6zelliklerde makineler \u00fcretebiliyoruz. Ancak, bu \u00fcr\u00fcnler sipari\u015fe \u00f6zel \u00fcretildi\u011fi i\u00e7in <strong>\u00f6zel \u00fcretim \u00fcr\u00fcnlerde iptal veya iade kabul edilmemektedir.<\/strong><\/p><h3 style=\"margin-top: 10px;\"><span style=\"color: #f28c28; font-weight: bold;\">4. Sipari\u015f s\u00fcreci nas\u0131l i\u015fliyor?<\/span><\/h3><p>\u00d6ncelikle sat\u0131n almak istedi\u011finiz \u00fcr\u00fcn veya modeli belirlersiniz. Ard\u0131ndan onay\u0131n\u0131z i\u00e7in taraf\u0131n\u0131za <strong>resmi teklif ve proforma fatura<\/strong> g\u00f6ndeririz. Teklif imzaland\u0131ktan ve \u00f6demeniz \u015firket hesab\u0131m\u0131za ula\u015ft\u0131ktan sonra \u00fcretim veya sevkiyat s\u00fcrecini hemen ba\u015flat\u0131r\u0131z.<\/p><p>\u00dcretim s\u00fcresi \u00fcr\u00fcn tipine ba\u011fl\u0131 olarak de\u011fi\u015fmekle birlikte genellikle <strong>5 ila 25 i\u015f g\u00fcn\u00fc<\/strong> aras\u0131ndad\u0131r.<\/p><h3 style=\"margin-top: 10px;\"><span style=\"color: #f28c28; font-weight: bold;\">5. \u00d6demeyi nas\u0131l yapabilirim?<\/span><\/h3><p>\u00d6demeyi, proforma faturada belirtilen banka hesab\u0131na <strong>havale veya EFT<\/strong> yoluyla yapabilirsiniz. \u00d6demenin tamam\u0131 taraf\u0131m\u0131za ula\u015ft\u0131ktan sonra \u00fcretim veya sevkiyat s\u00fcrecine ge\u00e7ilir.<\/p><h3 style=\"margin-top: 10px;\"><span style=\"color: #f28c28; font-weight: bold;\">6. Teslimat ve kargo s\u00fcre\u00e7leri nas\u0131l ilerliyor?<\/span><\/h3><p>T\u00fcm \u00fcr\u00fcnleri anla\u015fmal\u0131 lojistik veya nakliye firmalar\u0131m\u0131z arac\u0131l\u0131\u011f\u0131yla <strong>sigortal\u0131<\/strong> olarak g\u00f6nderiyoruz. Bu nedenle \u00fcr\u00fcn teslim al\u0131nd\u0131\u011f\u0131nda <strong>dikkatlice kontrol edilmelidir.<\/strong> Herhangi bir hasar veya eksik par\u00e7a fark edilirse, teslimat s\u0131ras\u0131nda mutlaka tutanak tutulmal\u0131d\u0131r.<\/p><h3 style=\"margin-top: 10px;\"><span style=\"color: #f28c28; font-weight: bold;\">7. \u0130ade veya de\u011fi\u015fim yapabilir miyim?<\/span><\/h3><p>\u0130ade ve de\u011fi\u015fim talepleri yaln\u0131zca onay\u0131m\u0131zla ve belirli ko\u015fullar alt\u0131nda de\u011ferlendirilir. \u00dcr\u00fcn\u00fcn <strong>kullan\u0131lmam\u0131\u015f, hasars\u0131z, eksiksiz ve orijinal ambalaj\u0131nda<\/strong> olmas\u0131 gerekir. Ancak <strong>\u00f6zel \u00fcretim, monte edilmi\u015f veya kullan\u0131lm\u0131\u015f \u00fcr\u00fcnlerde iade ya da de\u011fi\u015fim kabul edilmez.<\/strong><\/p><h3 style=\"margin-top: 10px;\"><span style=\"color: #f28c28; font-weight: bold;\">8. Yurt d\u0131\u015f\u0131na g\u00f6nderim yap\u0131yor musunuz?<\/span><\/h3><p>Evet, \u00fcr\u00fcnlerimizi ba\u015fta <strong>Avrupa, Orta Do\u011fu, Asya ve Afrika<\/strong> olmak \u00fczere bir\u00e7ok \u00fclkeye ihra\u00e7 ediyoruz. Sipari\u015f onaylanmadan \u00f6nce teslimat \u015fartlar\u0131n\u0131 (EXW, FOB, CIF vb.) ve navlun se\u00e7eneklerini sizinle netle\u015ftiriyoruz.<\/p><h3 style=\"margin-top: 10px;\"><span style=\"color: #f28c28; font-weight: bold;\">9. Yedek par\u00e7a veya teknik destek nas\u0131l alabilirim?<\/span><\/h3><p><strong><a class=\"decorated-link cursor-pointer\" rel=\"noopener\"><span \n                data-original-string='rVmMz4nFB\/5Z3xAEuprcsw==ef567lhdM0x9o9Mv4II7Mf5vB2gYNFUEChxA2n19lVelgc='\n                class='apbct-email-encoder'\n                title='This contact has been encoded by Anti-Spam by CleanTalk. Click to decode. To finish the decoding make sure that JavaScript is enabled in your browser.'>sa<span class=\"apbct-blur\">***<\/span>@<span class=\"apbct-blur\">***************<\/span>er.com<\/span><\/a><\/strong> adresine e-posta g\u00f6ndererek veya <strong>WhatsApp Business<\/strong> hatt\u0131m\u0131z olan <strong>+90 543 578 7323<\/strong> \u00fczerinden bizimle ileti\u015fime ge\u00e7ebilirsiniz. Bizimle ileti\u015fime ge\u00e7ti\u011finizde, teknik ekibimiz talebinizi inceleyerek size en uygun \u00e7\u00f6z\u00fcm\u00fc en k\u0131sa s\u00fcrede sunacakt\u0131r.<\/p><p>S\u00fcreci h\u0131zland\u0131rmak i\u00e7in l\u00fctfen \u00fcr\u00fcn kodunu ve foto\u011fraflar\u0131 da iletiniz.<\/p><h3 style=\"margin-top: 10px;\"><span style=\"color: #f28c28; font-weight: bold;\">10. Fiyatlar sabit mi?<\/span><\/h3><p>Fiyatlar\u0131m\u0131z; ham madde maliyetleri, d\u00f6viz kurlar\u0131 ve \u00fcretim giderlerine g\u00f6re belirlenmektedir. Bu nedenle \u00f6nceden haber vermeksizin fiyat g\u00fcncelleme hakk\u0131m\u0131z\u0131 sakl\u0131 tutar\u0131z.<\/p>\n\t\t\t\t\t<\/div>\n\t\t\t\t\t\t<\/div>\n\t\t\t\t<\/div>\n\t\t\t\t\t<\/div>\n\t\t\t\t<\/div>\n\t\t\t\t<\/div>\n\t\t","protected":false},"excerpt":{"rendered":"<p>1. \u00dcr\u00fcnlerinizi nerede \u00fcretiyorsunuz? T\u00fcm \u00fcr\u00fcnlerimiz T\u00fcrkiye\u2019de, Konya\u2019daki \u00fcretim tesisimizde \u00fcretilmektedir. \u00dcretim s\u00fcrecinde s\u0131k\u0131 kalite kontrol prosed\u00fcrlerini uygular ve m\u00fcmk\u00fcn<\/p>\n","protected":false},"author":1,"featured_media":37976,"parent":0,"menu_order":0,"comment_status":"closed","ping_status":"closed","template":"","meta":{"footnotes":""},"class_list":["post-37985","page","type-page","status-publish","has-post-thumbnail","hentry"],"yoast_head":"<!-- This site is optimized with the Yoast SEO plugin v27.2 - https:\/\/yoast.com\/product\/yoast-seo-wordpress\/ -->\n<title>S\u0131k\u00e7a Sorulan Sorular (SSS) | Global Cable Center<\/title>\n<meta name=\"description\" content=\"Global Cable Center \u00fcr\u00fcnleri, garanti, teslimat, \u00f6deme ve ihracat hakk\u0131nda s\u0131k\u00e7a sorulan sorular ve net cevaplar.\" \/>\n<meta name=\"robots\" content=\"index, follow, max-snippet:-1, max-image-preview:large, max-video-preview:-1\" \/>\n<link rel=\"canonical\" href=\"https:\/\/globalcablecenter.com\/tr\/sikca-sorulan-sorular\/\" \/>\n<meta property=\"og:locale\" content=\"tr_TR\" \/>\n<meta property=\"og:type\" content=\"article\" \/>\n<meta property=\"og:title\" content=\"S\u0131k\u00e7a Sorulan Sorular (SSS) | Global Cable Center\" \/>\n<meta property=\"og:description\" content=\"Global Cable Center \u00fcr\u00fcnleri, garanti, teslimat, \u00f6deme ve ihracat hakk\u0131nda s\u0131k\u00e7a sorulan sorular ve net cevaplar.\" \/>\n<meta property=\"og:url\" content=\"https:\/\/globalcablecenter.com\/tr\/sikca-sorulan-sorular\/\" \/>\n<meta property=\"og:site_name\" content=\"GCC - Global Cable Center\" \/>\n<meta property=\"article:modified_time\" content=\"2026-01-29T13:42:04+00:00\" \/>\n<meta property=\"og:image\" content=\"https:\/\/globalcablecenter.com\/wp-content\/uploads\/2026\/01\/FAQs-1200x800.png\" \/>\n\t<meta property=\"og:image:width\" content=\"1200\" \/>\n\t<meta property=\"og:image:height\" content=\"800\" \/>\n\t<meta property=\"og:image:type\" content=\"image\/png\" \/>\n<meta name=\"twitter:card\" content=\"summary_large_image\" \/>\n<meta name=\"twitter:label1\" content=\"Tahmini okuma s\u00fcresi\" \/>\n\t<meta name=\"twitter:data1\" content=\"3 dakika\" \/>\n<script type=\"application\/ld+json\" class=\"yoast-schema-graph\">{\"@context\":\"https:\/\/schema.org\",\"@graph\":[{\"@type\":\"WebPage\",\"@id\":\"https:\/\/globalcablecenter.com\/tr\/sikca-sorulan-sorular\/\",\"url\":\"https:\/\/globalcablecenter.com\/tr\/sikca-sorulan-sorular\/\",\"name\":\"S\u0131k\u00e7a Sorulan Sorular (SSS) | Global Cable Center\",\"isPartOf\":{\"@id\":\"https:\/\/globalcablecenter.com\/#website\"},\"primaryImageOfPage\":{\"@id\":\"https:\/\/globalcablecenter.com\/tr\/sikca-sorulan-sorular\/#primaryimage\"},\"image\":{\"@id\":\"https:\/\/globalcablecenter.com\/tr\/sikca-sorulan-sorular\/#primaryimage\"},\"thumbnailUrl\":\"https:\/\/globalcablecenter.com\/wp-content\/uploads\/2026\/01\/FAQs.png\",\"datePublished\":\"2026-01-18T13:41:11+00:00\",\"dateModified\":\"2026-01-29T13:42:04+00:00\",\"description\":\"Global Cable Center \u00fcr\u00fcnleri, garanti, teslimat, \u00f6deme ve ihracat hakk\u0131nda s\u0131k\u00e7a sorulan sorular ve net cevaplar.\",\"breadcrumb\":{\"@id\":\"https:\/\/globalcablecenter.com\/tr\/sikca-sorulan-sorular\/#breadcrumb\"},\"inLanguage\":\"tr\",\"potentialAction\":[{\"@type\":\"ReadAction\",\"target\":[\"https:\/\/globalcablecenter.com\/tr\/sikca-sorulan-sorular\/\"]}]},{\"@type\":\"ImageObject\",\"inLanguage\":\"tr\",\"@id\":\"https:\/\/globalcablecenter.com\/tr\/sikca-sorulan-sorular\/#primaryimage\",\"url\":\"https:\/\/globalcablecenter.com\/wp-content\/uploads\/2026\/01\/FAQs.png\",\"contentUrl\":\"https:\/\/globalcablecenter.com\/wp-content\/uploads\/2026\/01\/FAQs.png\",\"width\":1536,\"height\":1024,\"caption\":\"S\u0131k\u00e7a Sorulan Sorular\"},{\"@type\":\"BreadcrumbList\",\"@id\":\"https:\/\/globalcablecenter.com\/tr\/sikca-sorulan-sorular\/#breadcrumb\",\"itemListElement\":[{\"@type\":\"ListItem\",\"position\":1,\"name\":\"Ana Sayfa\",\"item\":\"https:\/\/globalcablecenter.com\/\"},{\"@type\":\"ListItem\",\"position\":2,\"name\":\"S\u0131k\u00e7a Sorulan Sorular (SSS)\"}]},{\"@type\":\"WebSite\",\"@id\":\"https:\/\/globalcablecenter.com\/#website\",\"url\":\"https:\/\/globalcablecenter.com\/\",\"name\":\"GCC - Global Cable Center\",\"description\":\"Global Solutions for Cable Installation\",\"potentialAction\":[{\"@type\":\"SearchAction\",\"target\":{\"@type\":\"EntryPoint\",\"urlTemplate\":\"https:\/\/globalcablecenter.com\/?s={search_term_string}\"},\"query-input\":{\"@type\":\"PropertyValueSpecification\",\"valueRequired\":true,\"valueName\":\"search_term_string\"}}],\"inLanguage\":\"tr\"}]}<\/script>\n<!-- \/ Yoast SEO plugin. -->","yoast_head_json":{"title":"S\u0131k\u00e7a Sorulan Sorular (SSS) | Global Cable Center","description":"Global Cable Center \u00fcr\u00fcnleri, garanti, teslimat, \u00f6deme ve ihracat hakk\u0131nda s\u0131k\u00e7a sorulan sorular ve net cevaplar.","robots":{"index":"index","follow":"follow","max-snippet":"max-snippet:-1","max-image-preview":"max-image-preview:large","max-video-preview":"max-video-preview:-1"},"canonical":"https:\/\/globalcablecenter.com\/tr\/sikca-sorulan-sorular\/","og_locale":"tr_TR","og_type":"article","og_title":"S\u0131k\u00e7a Sorulan Sorular (SSS) | Global Cable Center","og_description":"Global Cable Center \u00fcr\u00fcnleri, garanti, teslimat, \u00f6deme ve ihracat hakk\u0131nda s\u0131k\u00e7a sorulan sorular ve net cevaplar.","og_url":"https:\/\/globalcablecenter.com\/tr\/sikca-sorulan-sorular\/","og_site_name":"GCC - Global Cable Center","article_modified_time":"2026-01-29T13:42:04+00:00","og_image":[{"width":1200,"height":800,"url":"https:\/\/globalcablecenter.com\/wp-content\/uploads\/2026\/01\/FAQs-1200x800.png","type":"image\/png"}],"twitter_card":"summary_large_image","twitter_misc":{"Tahmini okuma s\u00fcresi":"3 dakika"},"schema":{"@context":"https:\/\/schema.org","@graph":[{"@type":"WebPage","@id":"https:\/\/globalcablecenter.com\/tr\/sikca-sorulan-sorular\/","url":"https:\/\/globalcablecenter.com\/tr\/sikca-sorulan-sorular\/","name":"S\u0131k\u00e7a Sorulan Sorular (SSS) | Global Cable Center","isPartOf":{"@id":"https:\/\/globalcablecenter.com\/#website"},"primaryImageOfPage":{"@id":"https:\/\/globalcablecenter.com\/tr\/sikca-sorulan-sorular\/#primaryimage"},"image":{"@id":"https:\/\/globalcablecenter.com\/tr\/sikca-sorulan-sorular\/#primaryimage"},"thumbnailUrl":"https:\/\/globalcablecenter.com\/wp-content\/uploads\/2026\/01\/FAQs.png","datePublished":"2026-01-18T13:41:11+00:00","dateModified":"2026-01-29T13:42:04+00:00","description":"Global Cable Center \u00fcr\u00fcnleri, garanti, teslimat, \u00f6deme ve ihracat hakk\u0131nda s\u0131k\u00e7a sorulan sorular ve net cevaplar.","breadcrumb":{"@id":"https:\/\/globalcablecenter.com\/tr\/sikca-sorulan-sorular\/#breadcrumb"},"inLanguage":"tr","potentialAction":[{"@type":"ReadAction","target":["https:\/\/globalcablecenter.com\/tr\/sikca-sorulan-sorular\/"]}]},{"@type":"ImageObject","inLanguage":"tr","@id":"https:\/\/globalcablecenter.com\/tr\/sikca-sorulan-sorular\/#primaryimage","url":"https:\/\/globalcablecenter.com\/wp-content\/uploads\/2026\/01\/FAQs.png","contentUrl":"https:\/\/globalcablecenter.com\/wp-content\/uploads\/2026\/01\/FAQs.png","width":1536,"height":1024,"caption":"S\u0131k\u00e7a Sorulan Sorular"},{"@type":"BreadcrumbList","@id":"https:\/\/globalcablecenter.com\/tr\/sikca-sorulan-sorular\/#breadcrumb","itemListElement":[{"@type":"ListItem","position":1,"name":"Ana Sayfa","item":"https:\/\/globalcablecenter.com\/"},{"@type":"ListItem","position":2,"name":"S\u0131k\u00e7a Sorulan Sorular (SSS)"}]},{"@type":"WebSite","@id":"https:\/\/globalcablecenter.com\/#website","url":"https:\/\/globalcablecenter.com\/","name":"GCC - Global Cable Center","description":"Global Solutions for Cable Installation","potentialAction":[{"@type":"SearchAction","target":{"@type":"EntryPoint","urlTemplate":"https:\/\/globalcablecenter.com\/?s={search_term_string}"},"query-input":{"@type":"PropertyValueSpecification","valueRequired":true,"valueName":"search_term_string"}}],"inLanguage":"tr"}]}},"_links":{"self":[{"href":"https:\/\/globalcablecenter.com\/tr\/wp-json\/wp\/v2\/pages\/37985","targetHints":{"allow":["GET"]}}],"collection":[{"href":"https:\/\/globalcablecenter.com\/tr\/wp-json\/wp\/v2\/pages"}],"about":[{"href":"https:\/\/globalcablecenter.com\/tr\/wp-json\/wp\/v2\/types\/page"}],"author":[{"embeddable":true,"href":"https:\/\/globalcablecenter.com\/tr\/wp-json\/wp\/v2\/users\/1"}],"replies":[{"embeddable":true,"href":"https:\/\/globalcablecenter.com\/tr\/wp-json\/wp\/v2\/comments?post=37985"}],"version-history":[{"count":7,"href":"https:\/\/globalcablecenter.com\/tr\/wp-json\/wp\/v2\/pages\/37985\/revisions"}],"predecessor-version":[{"id":39347,"href":"https:\/\/globalcablecenter.com\/tr\/wp-json\/wp\/v2\/pages\/37985\/revisions\/39347"}],"wp:featuredmedia":[{"embeddable":true,"href":"https:\/\/globalcablecenter.com\/tr\/wp-json\/wp\/v2\/media\/37976"}],"wp:attachment":[{"href":"https:\/\/globalcablecenter.com\/tr\/wp-json\/wp\/v2\/media?parent=37985"}],"curies":[{"name":"wp","href":"https:\/\/api.w.org\/{rel}","templated":true}]}}